{"id":4329544,"date":"2025-10-16T15:44:37","date_gmt":"2025-10-16T13:44:37","guid":{"rendered":"https:\/\/www.deptagency.com\/growth-invention-framework\/"},"modified":"2025-10-23T23:45:00","modified_gmt":"2025-10-23T21:45:00","slug":"growth-invention-framework","status":"publish","type":"page","link":"https:\/\/www.deptagency.com\/latam\/growth-invention-framework\/","title":{"rendered":"Growth Invention Framework"},"content":{"rendered":"<div class=\"block-awards-intro\">\n\t<h1\tclass=\"text text-sans-128 block-awards-intro__title\"\n\tdata-animation=\"slide\" data-animation-target=\"words\" >Growth invention framework<\/h1><p\tclass=\"text text-sans-48 block-awards-intro__subtitle\"\n\tdata-animation=\"slide\" data-animation-target=\"words\" >Construye una base para el crecimiento imparable<\/p><\/div>\n\n<div\n\tclass=\"block-assets-and-copy js-block-assets-and-copy\"\n\tdata-variant=\"full-width-content\"\n\tdata-content-align=\"center\"\n>\n\t\n\t\t\t\t\t<img\n\t\t\t\t\tsrc=\"https:\/\/www.deptagency.com\/wp-content\/uploads\/2025\/10\/Growth-Invention-Framework.webp\"\n\t\t\t\t\talt=\"Growth Invention Framework concept\"\n\t\t\t\t\tclass=\"block-assets-and-copy__media js-block-assets-and-copy-media\"\n\t\t\t\t\tdata-animation=\"scale-fade\"\n\t\t\t\t>\n\t\t\t\n\t<\/div>\n\n<div class=\"block-case-intro js-block-case-intro\">\n\t\n\t<p\tclass=\"text text-sans-48 block-case-intro__title js-block-case-intro-title\"\n\tdata-animation=\"slide\" data-animation-target=\"words\" data-animation-stagger=\"0.005\" >Las empresas con mejor rendimiento tienen dos cosas en com\u00fan: est\u00e1n construidas sobre cimientos duraderos y atemporales, y est\u00e1n equipadas para adaptarse a un mundo en constante cambio. Esta mezcla de estabilidad y agilidad impulsa lo que llamamos crecimiento imparable.<\/p><p\tclass=\"text text-sans-24 block-case-intro__text js-block-case-intro-text\"\n\tdata-animation=\"slideFade\" data-animation-target=\"paragraphs\" data-animation-delay=\"0.1\" >El crecimiento imparable supera los resultados pasados, rinde m\u00e1s que el mercado y no puede ser copiado por la competencia. Sin embargo, muchas marcas siguen buscando crecer con estrategias demasiado r\u00edgidas, reactivas, aisladas o gen\u00e9ricas. <br><br>Creemos que lograr el crecimiento imparable hoy requiere del equilibrio perfecto entre una base que sea <strong>duradera<\/strong> y expresiones que sean <strong>din\u00e1micas<\/strong>. Solo entonces las marcas podr\u00e1n tomar decisiones audaces, capturar nuevas oportunidades y destacar entre la multitud. Hemos creado el <strong>Growth Invention Framework<\/strong> para ayudar a las organizaciones a lograr precisamente eso.<br><br>El Growth Invention Framework combina nuestra experiencia como partners de marketing y tecnolog\u00eda para marcas l\u00edderes a nivel mundial con lo \u00faltimo en IA, an\u00e1lisis basados en datos y herramientas modernas. Su objetivo es simple: ayudar a las marcas a tomar decisiones seguras, aprovechar oportunidades que otros podr\u00edan pasar por alto, y construir una base de crecimiento que sea a la vez duradera y din\u00e1mica. <\/p><\/div>\n\n<div\n\tclass=\"block-assets-and-copy js-block-assets-and-copy has-less-t-space has-less-b-space\"\n\tdata-variant=\"copy-only\"\n\tdata-content-align=\"start\"\n>\n\t<p\tclass=\"text text-sans-48 block-assets-and-copy__title\"\n\tdata-animation=\"slide\" data-animation-target=\"words\" >Ayud\u00e1ndote a adquirir, aumentar y retener clientes.<\/p><div\tdata-animation=\"slide-fade\" data-animation-target=\"inner-items-separate\" data-animation-delay=\"0.15\" data-animation-stagger=\"0.2\" class=\"block-assets-and-copy__content\" >\n\t<p\tclass=\"text text-sans-24 block-assets-and-copy__text\"\n\t>El Growth Invention Framework est\u00e1 dise\u00f1ado para ayudar a lxs l\u00edderes de marketing y ejecutivxs a adquirir, aumentar y retener a sus clientes, identificando d\u00f3nde est\u00e1 bloqueado el crecimiento y d\u00f3nde residen las mayores oportunidades. Al combinar experiencia pr\u00e1ctica en negocios, productos y marketing con tecnolog\u00eda y an\u00e1lisis impulsados por IA, opera como un ciclo continuo con tus clientes en el centro.<br><br>Las preguntas que el Growth Invention Framework te ayudar\u00e1 a responder:<\/p>\n<ul\n\tclass=\"list text-sans-24 block-list__list\"\n\t>\n\t<li>\u00bfD\u00f3nde debemos enfocarnos para crecer m\u00e1s r\u00e1pido?<\/li><li>\u00bfD\u00f3nde somos fuertes y d\u00f3nde estamos perdiendo terreno?<\/li><li>\u00bfQui\u00e9nes son mis pr\u00f3ximxs clientes y en qu\u00e9 est\u00e1n interesadxs?<\/li><li>\u00bfQu\u00e9 ideas tienen la mejor oportunidad de impulsar el crecimiento?<\/li><li>\u00bfQu\u00e9 tan r\u00e1pido podemos probar una idea y ver resultados?<\/li><li>\u00bfEstamos aprendiendo de nuestrxs clientes de la manera correcta?<\/li><li>\u00bfQu\u00e9 nueva idea tendr\u00e1 el mayor impacto a escala?<\/li><li>\u00bfC\u00f3mo mantenemos la escalabilidad de lo que funciona?<\/li><\/ul>\n<\/div>\n\t\n\t<\/div>\n\n<div class=\"text-divider text-sans-20 block-text-divider__text-divider\">\n\t<\/div>\n\n<div\n\tclass=\"block-assets-and-copy js-block-assets-and-copy\"\n\tdata-variant=\"copy-only\"\n\tdata-content-align=\"start\"\n>\n\t<p\tclass=\"text text-sans-48 block-assets-and-copy__title\"\n\tdata-animation=\"slide\" data-animation-target=\"words\" >\u00bfLe interesa saber m\u00e1s sobre c\u00f3mo el Growth Invention Framework puede ayudar a tu negocio a lograr un crecimiento imparable? Contacta a nuestrxs estrategas hoy mismo.<\/p>\n\t\n\t<\/div>\n\n<div class=\"block-contact-form-big\">\n\t<p\tclass=\"text text-sans-92 block-contact-form-big__title\"\n\t>CONT\u00c1CTANOS<\/p><div id=\"pardot-form\" class=\"pardot-form block-contact-form-big__form\">\n\t<iframe\n\t\tid=\"pardot-form-69d36a60bbc02\"\n\t\tsrc=\"https:\/\/www2.deptagency.com\/l\/321011\/2024-07-19\/2f54k2j\"\n\t\tclass=\"pardot-form__iframe js-pardot-form\"\n\t\ttitle=\"Form\"\n\t\ttype=\"text\/html\"\n\t\t><\/iframe>\n<\/div><\/div>","protected":false},"excerpt":{"rendered":"","protected":false},"author":40,"featured_media":4329449,"parent":0,"menu_order":0,"comment_status":"closed","ping_status":"closed","template":"","meta":{"_acf_changed":false,"es_utils_meta_schema":"","dept_alt_featured_image":[],"dept_algolia_noindex":false,"dept_algolia_featured":false,"member_job_title":"","member_linkedin_url":"","footnotes":""},"class_list":["post-4329544","page","type-page","status-publish","has-post-thumbnail","hentry"],"acf":{"dept_is_3q_page":false},"yoast_head":"<!-- This site is optimized with the Yoast SEO plugin v26.3 - https:\/\/yoast.com\/wordpress\/plugins\/seo\/ -->\n<title>Growth Invention Framework | DEPT\u00ae<\/title>\n<meta name=\"description\" content=\"El Growth Invention Framework ayuda a las organizaciones a tomar decisiones seguras, aprovechar oportunidades y construir una base de crecimiento que sea duradera y din\u00e1mica.\" \/>\n<meta name=\"robots\" content=\"index, follow, max-snippet:-1, max-image-preview:large, max-video-preview:-1\" \/>\n<link rel=\"canonical\" href=\"https:\/\/www.deptagency.com\/latam\/growth-invention-framework\/\" \/>\n<meta property=\"og:locale\" content=\"es_ES\" \/>\n<meta property=\"og:type\" content=\"article\" \/>\n<meta property=\"og:title\" content=\"Growth Invention Framework | DEPT\u00ae\" \/>\n<meta property=\"og:description\" content=\"El Growth Invention Framework ayuda a las organizaciones a tomar decisiones seguras, aprovechar oportunidades y construir una base de crecimiento que sea duradera y din\u00e1mica.\" \/>\n<meta property=\"og:url\" content=\"https:\/\/www.deptagency.com\/latam\/growth-invention-framework\/\" \/>\n<meta property=\"og:site_name\" content=\"DEPT\u00ae\" \/>\n<meta property=\"article:modified_time\" content=\"2025-10-23T21:45:00+00:00\" \/>\n<meta property=\"og:image\" content=\"https:\/\/www.deptagency.com\/wp-content\/uploads\/2025\/10\/Growth-Invention-Framework.webp\" \/>\n\t<meta property=\"og:image:width\" content=\"1920\" \/>\n\t<meta property=\"og:image:height\" content=\"1080\" \/>\n\t<meta property=\"og:image:type\" content=\"image\/webp\" \/>\n<meta name=\"twitter:card\" content=\"summary_large_image\" \/>\n<meta name=\"twitter:label1\" content=\"Est. reading time\" \/>\n\t<meta name=\"twitter:data1\" content=\"1 minute\" \/>\n<script type=\"application\/ld+json\" class=\"yoast-schema-graph\">{\"@context\":\"https:\/\/schema.org\",\"@graph\":[{\"@type\":\"WebPage\",\"@id\":\"https:\/\/www.deptagency.com\/latam\/growth-invention-framework\/\",\"url\":\"https:\/\/www.deptagency.com\/latam\/growth-invention-framework\/\",\"name\":\"Growth Invention Framework | DEPT\u00ae\",\"isPartOf\":{\"@id\":\"https:\/\/www.deptagency.com\/en-uki\/#website\"},\"primaryImageOfPage\":{\"@id\":\"https:\/\/www.deptagency.com\/latam\/growth-invention-framework\/#primaryimage\"},\"image\":{\"@id\":\"https:\/\/www.deptagency.com\/latam\/growth-invention-framework\/#primaryimage\"},\"thumbnailUrl\":\"https:\/\/www.deptagency.com\/wp-content\/uploads\/2025\/10\/Growth-Invention-Framework.webp\",\"datePublished\":\"2025-10-16T13:44:37+00:00\",\"dateModified\":\"2025-10-23T21:45:00+00:00\",\"description\":\"El Growth Invention Framework ayuda a las organizaciones a tomar decisiones seguras, aprovechar oportunidades y construir una base de crecimiento que sea duradera y din\u00e1mica.\",\"breadcrumb\":{\"@id\":\"https:\/\/www.deptagency.com\/latam\/growth-invention-framework\/#breadcrumb\"},\"inLanguage\":\"es-LATAM\",\"potentialAction\":[{\"@type\":\"ReadAction\",\"target\":[\"https:\/\/www.deptagency.com\/latam\/growth-invention-framework\/\"]}]},{\"@type\":\"ImageObject\",\"inLanguage\":\"es-LATAM\",\"@id\":\"https:\/\/www.deptagency.com\/latam\/growth-invention-framework\/#primaryimage\",\"url\":\"https:\/\/www.deptagency.com\/wp-content\/uploads\/2025\/10\/Growth-Invention-Framework.webp\",\"contentUrl\":\"https:\/\/www.deptagency.com\/wp-content\/uploads\/2025\/10\/Growth-Invention-Framework.webp\",\"width\":1920,\"height\":1080,\"caption\":\"Growth Invention Framework concept\"},{\"@type\":\"BreadcrumbList\",\"@id\":\"https:\/\/www.deptagency.com\/latam\/growth-invention-framework\/#breadcrumb\",\"itemListElement\":[{\"@type\":\"ListItem\",\"position\":1,\"name\":\"Home\",\"item\":\"https:\/\/www.deptagency.com\/latam\/\"},{\"@type\":\"ListItem\",\"position\":2,\"name\":\"Growth Invention Framework\"}]},{\"@type\":\"WebSite\",\"@id\":\"https:\/\/www.deptagency.com\/en-uki\/#website\",\"url\":\"https:\/\/www.deptagency.com\/en-uki\/\",\"name\":\"DEPT\u00ae\",\"description\":\"\",\"potentialAction\":[{\"@type\":\"SearchAction\",\"target\":{\"@type\":\"EntryPoint\",\"urlTemplate\":\"https:\/\/www.deptagency.com\/en-uki\/?s={search_term_string}\"},\"query-input\":{\"@type\":\"PropertyValueSpecification\",\"valueRequired\":true,\"valueName\":\"search_term_string\"}}],\"inLanguage\":\"es-LATAM\"}]}<\/script>\n<!-- \/ Yoast SEO plugin. -->","yoast_head_json":{"title":"Growth Invention Framework | DEPT\u00ae","description":"El Growth Invention Framework ayuda a las organizaciones a tomar decisiones seguras, aprovechar oportunidades y construir una base de crecimiento que sea duradera y din\u00e1mica.","robots":{"index":"index","follow":"follow","max-snippet":"max-snippet:-1","max-image-preview":"max-image-preview:large","max-video-preview":"max-video-preview:-1"},"canonical":"https:\/\/www.deptagency.com\/latam\/growth-invention-framework\/","og_locale":"es_ES","og_type":"article","og_title":"Growth Invention Framework | DEPT\u00ae","og_description":"El Growth Invention Framework ayuda a las organizaciones a tomar decisiones seguras, aprovechar oportunidades y construir una base de crecimiento que sea duradera y din\u00e1mica.","og_url":"https:\/\/www.deptagency.com\/latam\/growth-invention-framework\/","og_site_name":"DEPT\u00ae","article_modified_time":"2025-10-23T21:45:00+00:00","og_image":[{"width":1920,"height":1080,"url":"https:\/\/www.deptagency.com\/wp-content\/uploads\/2025\/10\/Growth-Invention-Framework.webp","type":"image\/webp"}],"twitter_card":"summary_large_image","twitter_misc":{"Est. reading time":"1 minute"},"schema":{"@context":"https:\/\/schema.org","@graph":[{"@type":"WebPage","@id":"https:\/\/www.deptagency.com\/latam\/growth-invention-framework\/","url":"https:\/\/www.deptagency.com\/latam\/growth-invention-framework\/","name":"Growth Invention Framework | DEPT\u00ae","isPartOf":{"@id":"https:\/\/www.deptagency.com\/en-uki\/#website"},"primaryImageOfPage":{"@id":"https:\/\/www.deptagency.com\/latam\/growth-invention-framework\/#primaryimage"},"image":{"@id":"https:\/\/www.deptagency.com\/latam\/growth-invention-framework\/#primaryimage"},"thumbnailUrl":"https:\/\/www.deptagency.com\/wp-content\/uploads\/2025\/10\/Growth-Invention-Framework.webp","datePublished":"2025-10-16T13:44:37+00:00","dateModified":"2025-10-23T21:45:00+00:00","description":"El Growth Invention Framework ayuda a las organizaciones a tomar decisiones seguras, aprovechar oportunidades y construir una base de crecimiento que sea duradera y din\u00e1mica.","breadcrumb":{"@id":"https:\/\/www.deptagency.com\/latam\/growth-invention-framework\/#breadcrumb"},"inLanguage":"es-LATAM","potentialAction":[{"@type":"ReadAction","target":["https:\/\/www.deptagency.com\/latam\/growth-invention-framework\/"]}]},{"@type":"ImageObject","inLanguage":"es-LATAM","@id":"https:\/\/www.deptagency.com\/latam\/growth-invention-framework\/#primaryimage","url":"https:\/\/www.deptagency.com\/wp-content\/uploads\/2025\/10\/Growth-Invention-Framework.webp","contentUrl":"https:\/\/www.deptagency.com\/wp-content\/uploads\/2025\/10\/Growth-Invention-Framework.webp","width":1920,"height":1080,"caption":"Growth Invention Framework concept"},{"@type":"BreadcrumbList","@id":"https:\/\/www.deptagency.com\/latam\/growth-invention-framework\/#breadcrumb","itemListElement":[{"@type":"ListItem","position":1,"name":"Home","item":"https:\/\/www.deptagency.com\/latam\/"},{"@type":"ListItem","position":2,"name":"Growth Invention Framework"}]},{"@type":"WebSite","@id":"https:\/\/www.deptagency.com\/en-uki\/#website","url":"https:\/\/www.deptagency.com\/en-uki\/","name":"DEPT\u00ae","description":"","potentialAction":[{"@type":"SearchAction","target":{"@type":"EntryPoint","urlTemplate":"https:\/\/www.deptagency.com\/en-uki\/?s={search_term_string}"},"query-input":{"@type":"PropertyValueSpecification","valueRequired":true,"valueName":"search_term_string"}}],"inLanguage":"es-LATAM"}]}},"_links":{"self":[{"href":"https:\/\/www.deptagency.com\/latam\/wp-json\/wp\/v2\/pages\/4329544","targetHints":{"allow":["GET"]}}],"collection":[{"href":"https:\/\/www.deptagency.com\/latam\/wp-json\/wp\/v2\/pages"}],"about":[{"href":"https:\/\/www.deptagency.com\/latam\/wp-json\/wp\/v2\/types\/page"}],"author":[{"embeddable":true,"href":"https:\/\/www.deptagency.com\/latam\/wp-json\/wp\/v2\/users\/40"}],"replies":[{"embeddable":true,"href":"https:\/\/www.deptagency.com\/latam\/wp-json\/wp\/v2\/comments?post=4329544"}],"version-history":[{"count":13,"href":"https:\/\/www.deptagency.com\/latam\/wp-json\/wp\/v2\/pages\/4329544\/revisions"}],"predecessor-version":[{"id":4330361,"href":"https:\/\/www.deptagency.com\/latam\/wp-json\/wp\/v2\/pages\/4329544\/revisions\/4330361"}],"wp:featuredmedia":[{"embeddable":true,"href":"https:\/\/www.deptagency.com\/latam\/wp-json\/wp\/v2\/media\/4329449"}],"wp:attachment":[{"href":"https:\/\/www.deptagency.com\/latam\/wp-json\/wp\/v2\/media?parent=4329544"}],"curies":[{"name":"wp","href":"https:\/\/api.w.org\/{rel}","templated":true}]}}