{"id":4270373,"date":"2022-02-14T15:25:50","date_gmt":"2022-02-14T15:25:50","guid":{"rendered":"https:\/\/www.deptagency.com\/creando-un-futuro-en-el-que-creemos\/"},"modified":"2022-02-14T15:25:50","modified_gmt":"2022-02-14T15:25:50","slug":"creando-un-futuro-en-el-que-creemos","status":"publish","type":"page","link":"https:\/\/www.deptagency.com\/latam\/creando-un-futuro-en-el-que-creemos\/","title":{"rendered":"Creando un futuro en el que creemos"},"content":{"rendered":"<section class=\"block-post-header block-post-header__theme--white\">\n\t<button class=\"btn btn__color--richBlack block-post-header__btn\" onclick=window.history.back()>\n\t\t\t<span class=\"btn__icon\">\n\t\t\t<i class=\"icon icon__size--medium-variable icon__arrow-left-circle\">\n\t<svg xmlns='http:\/\/www.w3.org\/2000\/svg' width='24' height='24' fill='none' viewBox='0 0 24 24'><g class='symbol'><path stroke='currentColor' stroke-miterlimit='10' stroke-width='1.5' d='M12.479 6.74L6.739 12l5.74 5.26M7.217 12H17.74'\/><circle cx='12' cy='12' r='11' stroke='currentColor' stroke-miterlimit='10' stroke-width='1.5'\/><\/g><path class='symbol-hover' fill='currentColor' fill-rule='evenodd' d='M1 12c0 6.075 4.925 11 11 11s11-4.925 11-11S18.075 1 12 1 1 5.925 1 12zm5.233.553l5.739 5.26 1.013-1.105-4.318-3.958h9.072v-1.5H8.667l4.318-3.958-1.013-1.106-5.74 5.261L5.63 12l.604.553z' clip-rule='evenodd'\/><\/svg><\/i>\t\t<\/span>\n\t\n\t<\/button>\n\t<h1 class=\"heading heading__size--xl heading__align--left block-post-header__heading\">\n\t\t\tCreando un futuro en el que creemos\t<\/h1><\/section>\n\n<div class=\"full-width-image block-full-width-image__full-width-image\">\n\t<div\n\t\tclass=\"image-wrap full-width-image__image-wrap\"\n\t\tdata-align=\"center center\"\n\t\t\t>\n\n\t\t\t<picture\n\t\tclass=\"image__picture\"\n\t\t\t\t>\n\t\t\t\n\t\t\t\n\t\t\t\n\t\t\t<img\n\t\t\t\tsrc=\"https:\/\/www.deptagency.com\/wp-content\/uploads\/2021\/08\/Impact-report-featured-1.jpeg\"\n\t\t\t\tclass=\"image full-width-image__image\"\n\n\t\t\t\t\n\t\t\t\t\t\t\t\t\tloading=\"lazy\"\n\t\t\t\t\n\t\t\t\t\n\t\t\t\t\n\t\t\t\t\t\t\t\/>\n\t\t<\/picture>\n\t\n\t<\/div><\/div>\n\n<div class=\"block-panel-with-rich-text\">\n\t<div class=\"block-panel-with-rich-text__left block-panel-with-rich-text__left--white\">\n\t\t<button class=\"btn btn__color--white block-panel-with-rich-text__back-button\" onclick=window.history.back()>\n\t\t\t<span class=\"btn__icon\">\n\t\t\t<i class=\"icon icon__size--medium-variable icon__arrow-left-circle\">\n\t<svg xmlns='http:\/\/www.w3.org\/2000\/svg' width='24' height='24' fill='none' viewBox='0 0 24 24'><g class='symbol'><path stroke='currentColor' stroke-miterlimit='10' stroke-width='1.5' d='M12.479 6.74L6.739 12l5.74 5.26M7.217 12H17.74'\/><circle cx='12' cy='12' r='11' stroke='currentColor' stroke-miterlimit='10' stroke-width='1.5'\/><\/g><path class='symbol-hover' fill='currentColor' fill-rule='evenodd' d='M1 12c0 6.075 4.925 11 11 11s11-4.925 11-11S18.075 1 12 1 1 5.925 1 12zm5.233.553l5.739 5.26 1.013-1.105-4.318-3.958h9.072v-1.5H8.667l4.318-3.958-1.013-1.106-5.74 5.261L5.63 12l.604.553z' clip-rule='evenodd'\/><\/svg><\/i>\t\t<\/span>\n\t\n\t<\/button><h2 class=\"heading heading__size--xl heading__align--left block-panel-with-rich-text__heading\">\n\t\t\t<strong><a href=\"https:\/\/dept.ly\/impactreport2020\" target=\"_blank\" rel=\"noreferrer noopener\">Descarga nuestro Informe de Impacto 2020<\/a><\/strong>\t<\/h2>\t<\/div>\n\n\t<div class=\"block-panel-with-rich-text__right block-panel-with-rich-text__right--white\">\n\t\t<div class=\"block-panel-with-rich-text__right-content block-panel-with-rich-text__right-content--white\">\n\t\t\t\n<div class='block-panel-with-rich-text__item'><div class='block-panel-with-rich-text__item-inner'><h2 class=\"heading heading__size--s heading__align--left block-heading__heading\">\n\t\t\tFundamos DEPT\u00ae para construir la mejor agencia digital del mundo. Y eso tambi\u00e9n significa construir la mejor agencia digital para el mundo. Una que tenga un impacto positivo en nuestros clientes pero tambi\u00e9n en la gente, en el planeta y en la sociedad en general.\t<\/h2><\/div><\/div>\n\n<div class='block-panel-with-rich-text__item'><div class='block-panel-with-rich-text__item-inner'><p class=\"paragraph paragraph__size--default paragraph__align--left block-paragraph__paragraph\">Como parte de nuestro camino, queremos ser transparentes sobre el impacto que generamos. Es por eso que compartimos nuestro Informe de impacto 2020, que cubre nuestro desempe\u00f1o social y ambiental, todo lo que ya hemos logrado y nuestros planes para construir un departamento a\u00fan mejor y m\u00e1s sostenible en los pr\u00f3ximos a\u00f1os.<br><br>En 2020, avanzamos hacia nuestros principales hitos de impacto. M\u00e1s del 8,5% de nuestros ingresos totales provinieron de proyectos que ayudaron a acelerar el impacto social y ambiental de nuestros clientes; regalamos m\u00e1s de 1300 horas de tiempo creativo a organizaciones impulsadas por una misi\u00f3n social; nos volvimos 100% clim\u00e1ticamente neutrales; y m\u00e1s del 30% de nuestro espacio de oficinas ahora cuenta con la certificaci\u00f3n Green Building. Adem\u00e1s, nuestras pr\u00e1cticas de contrataci\u00f3n y retenci\u00f3n nos llevaron a una fuerza laboral de 42% de mujeres, y pusimos a prueba el reclutamiento sin rostro para invertir en una organizaci\u00f3n m\u00e1s diversa e inclusiva. Y, adem\u00e1s, estamos muy emocionados por haber obtenido el certificado que nos permite afirmar que somos una <a href=\"https:\/\/www.bcorporation.net\/es-es\/\" target=\"_blank\" rel=\"noreferrer noopener\">empresa B certificada<\/a>. <br><br>Sabemos que un cambio genuino requiere un compromiso continuo y estamos preparados para el desaf\u00edo. Esperamos trabajar hacia un mundo m\u00e1s inclusivo y sostenible, y nos comprometemos a invertir en un trabajo m\u00e1s impactante para los clientes, refinando nuestras pr\u00e1cticas de contrataci\u00f3n de diversidad, movilizando a nuestros empleados para la comunidad y haciendo nuestra parte para proteger nuestro planeta.<br><br>Tambi\u00e9n esperamos ser solo un ejemplo en una lista creciente de empresas que asumen estos compromisos y toman medidas para construir un mundo mejor y m\u00e1s sostenible. Alentamos a todas las empresas a que obtengan m\u00e1s informaci\u00f3n sobre c\u00f3mo convertirse en\u00a0<a href=\"https:\/\/www.climateneutral.org\/\" target=\"_blank\" rel=\"noreferrer noopener\">Climate Neutral<\/a>, comprometerse con\u00a0<a href=\"https:\/\/www.bcorporation.net\/\" target=\"_blank\" rel=\"noreferrer noopener\">B Corp<\/a> o hacer que el reclutamiento sin rostro sea parte de su proceso de contrataci\u00f3n.<\/p><\/div><\/div>\n\t\t<\/div>\n\n\t\t<\/div>\n<\/div>\n\n<div\n\tclass=\"flyout-drawer js-flyout-drawer flyout-drawer__position--right\"\n\tdata-trigger=\"#block-panel-with-rich-text-fc81d839dcb05915af57f1b895341509\"\n\tdata-instant-open=\"false\"\n>\n\t<div class=\"flyout-drawer__left-mobile-backplate\"><\/div>\n\t<div class=\"flyout-drawer__left-backplate\"><\/div>\n\n\t\t<div class=\"flyout-drawer__left\"><\/div>\n\n\t<button\tclass=\"cta-button flyout-drawer__close cta-button__color--white cta-button__style--text-and-icon js-drawer-close has-flipped-icon\" aria-label=\"Cerrar\" >\n\t<svg width='21' height='21' viewBox='0 0 21 21' fill='none' xmlns='http:\/\/www.w3.org\/2000\/svg'><circle cx='10.5' cy='10.5' r='9.5' transform='rotate(-90 10.5 10.5)' stroke='var(--dept-button-icon-outline-color)' stroke-width='1.3' stroke-miterlimit='10' fill='none'\/><circle class='icon-backplate' cx='10.5' cy='10.5' r='9.5' transform='rotate(-90 10.5 10.5)' fill='var(--dept-button-icon-backplate-color)' fill-opacity='1'\/><path class='icon-center' d='m14 7-7 7m0-7 7 7' stroke='var(--dept-button-icon-color)' stroke-width='1.5' fill='none'\/><\/svg>\n\t\t\t<span>\n\t\t\tCerrar\t\t<\/span>\n\t\n<\/button>\n\t<div class=\"flyout-drawer__right\">\n\t\t<div class=\"pardot-forms block-panel-with-rich-text__pardot-forms js-pardot-forms has-picker\">\n\t\t\t<form action=\"\" class=\"pardot-forms__picker block-panel-with-rich-text__picker js-pardot-forms-picker\" method=\"POST\">\n\t\t\t\t\t<\/form>\n\t\t<iframe\n\t\tdata-initial-src=\"\"\n\t\tclass=\"pardot-forms__embed block-panel-with-rich-text__embed js-pardot-forms-embed\"\n\t\ttype=\"text\/html\"\n\t><\/iframe>\n\t<div class=\"loader pardot-forms__loader loader__color--hanPurple js-pardot-forms-loader\">\n\t<div class=\"loader__first\"><\/div>\n\t<div class=\"loader__second\"><\/div>\n<\/div><\/div>\t<\/div>\n\n\t<button\tclass=\"cta-button flyout-drawer__back cta-button__color--onyxGrey cta-button__style--text-and-icon js-drawer-back has-small-icon\" aria-label=\"Atr\u00e1s\" >\n\t<svg width='41' height='41' viewBox='0 0 41 41' fill='none' xmlns='http:\/\/www.w3.org\/2000\/svg'><circle cx='20.5' cy='20.5' r='19.5' transform='rotate(-90 20.5 20.5)' stroke='var(--dept-button-icon-outline-color)' stroke-width='1.3' stroke-miterlimit='10' fill='none'\/><circle class='icon-backplate' cx='20.5' cy='20.5' r='19.5' transform='rotate(-90 20.5 20.5)' fill='var(--dept-button-icon-backplate-color)' fill-opacity='1'\/><path class='icon-center' d='M21.174 30 11 20.674l10.174-9.326m-9.326 9.328H30.5' stroke='var(--dept-button-icon-color)' stroke-width='1.3' stroke-miterlimit='10' fill='none'\/><\/svg>\n\t\t\t<span>\n\t\t\tAtr\u00e1s\t\t<\/span>\n\t\n<\/button><\/div>\n\n<div class=\"block-article-related-posts\" data-language=\"latam\" data-item-theme=\"white\">\n\t<div class=\"block-article-related-posts__left block-article-related-posts__left--platinum\">\n\t\t<h2 class=\"heading heading__color--richBlack heading__size--xl heading__align--left block-article-related-posts__heading\">\n\t\t\tInsights\t<\/h2><button class=\"btn btn__color--richBlack block-article-related-posts__cta\" title=\"All articles\" >\n\t\t\t<span class=\"btn__icon\">\n\t\t\t<i class=\"icon icon__size--medium-variable icon__indicator-circle\">\n\t<svg width='24' height='24' viewBox='0 0 24 24' fill='none' xmlns='http:\/\/www.w3.org\/2000\/svg'><g class='symbol'><circle cx='12' cy='12' r='11' stroke='currentColor' stroke-width='1.5' stroke-miterlimit='10'\/><circle cx='12' cy='12' r='3' fill='currentColor'\/><\/g><circle class='symbol-hover' cx='12' cy='12' r='11' fill='currentColor'\/><\/svg><\/i>\t\t<\/span>\n\t\n\t\t\t<span class=\"btn__label\">\n\t\t\tAll articles\t\t<\/span>\n\t<\/button>\t<\/div>\n\n\t<div class=\"block-article-related-posts__right block-article-related-posts__right--white js-post-container\">\n\t\t<a\n\tclass=\"article-teaser-small__link\"\n\thref=\"https:\/\/www.deptagency.com\/en-ie\/insight\/sustainability-practice-makes-progress\/\"\n>\n\n<div class=\"article-teaser-small js-all-articles-insights-item block-article-related-posts__item article-teaser-small__theme--white article-teaser-small--has-url\">\n\t<div class=\"article-teaser-small__subtitle\">\n\t\t<h6 class=\"heading heading__color--richBlack heading__size--xxs heading__align--left article-teaser-small__author\">\n\t\t\tMellissa Flowerdew-Clarke\t<\/h6><svg width='24' height='24' viewBox='0 0 24 24' fill='none' xmlns='http:\/\/www.w3.org\/2000\/svg'><circle cx='12' cy='12' r='2' fill='currentColor' \/><\/svg><h6 class=\"heading heading__color--richBlack heading__size--xxs heading__align--left article-teaser-small__category\">\n\t\t\tNews\t<\/h6>\t<\/div>\n\n\t<h2 class=\"heading heading__color--richBlack heading__size--l heading__align--left article-teaser-small__title\">\n\t\t\tSustainability: practice makes progress\t<\/h2><\/div>\n\n<\/a><a\n\tclass=\"article-teaser-small__link\"\n\thref=\"https:\/\/www.deptagency.com\/en-ie\/insight\/why-diversity-is-the-best-kept-secret-to-business-success-2\/\"\n>\n\n<div class=\"article-teaser-small js-all-articles-insights-item block-article-related-posts__item article-teaser-small__theme--white article-teaser-small--has-url\">\n\t<div class=\"article-teaser-small__subtitle\">\n\t\t<h6 class=\"heading heading__color--richBlack heading__size--xxs heading__align--left article-teaser-small__author\">\n\t\t\tMellissa Flowerdew-Clarke\t<\/h6><svg width='24' height='24' viewBox='0 0 24 24' fill='none' xmlns='http:\/\/www.w3.org\/2000\/svg'><circle cx='12' cy='12' r='2' fill='currentColor' \/><\/svg><h6 class=\"heading heading__color--richBlack heading__size--xxs heading__align--left article-teaser-small__category\">\n\t\t\tNews\t<\/h6>\t<\/div>\n\n\t<h2 class=\"heading heading__color--richBlack heading__size--l heading__align--left article-teaser-small__title\">\n\t\t\tWhy diversity is the best kept secret to business success\t<\/h2><\/div>\n\n<\/a><a\n\tclass=\"article-teaser-small__link\"\n\thref=\"https:\/\/www.deptagency.com\/en-ie\/insight\/how-data-and-technology-are-changing-the-healthcare-landscape\/\"\n>\n\n<div class=\"article-teaser-small js-all-articles-insights-item block-article-related-posts__item article-teaser-small__theme--white article-teaser-small--has-url\">\n\t<div class=\"article-teaser-small__subtitle\">\n\t\t<h6 class=\"heading heading__color--richBlack heading__size--xxs heading__align--left article-teaser-small__author\">\n\t\t\tKristin Cronin\t<\/h6><svg width='24' height='24' viewBox='0 0 24 24' fill='none' xmlns='http:\/\/www.w3.org\/2000\/svg'><circle cx='12' cy='12' r='2' fill='currentColor' \/><\/svg><h6 class=\"heading heading__color--richBlack heading__size--xxs heading__align--left article-teaser-small__category\">\n\t\t\tGrowth\t<\/h6>\t<\/div>\n\n\t<h2 class=\"heading heading__color--richBlack heading__size--l heading__align--left article-teaser-small__title\">\n\t\t\tHow data and technology are changing the healthcare landscape\t<\/h2><\/div>\n\n<\/a>\t<\/div>\n<\/div>\n\n<div class=\"block-get-in-touch js-block-get-in-touch\">\n\t<div class=\"block-get-in-touch__column block-get-in-touch__column--left block-get-in-touch__column--richBlack\">\n\t\t<h2 class=\"heading heading__color--white heading__size--xl heading__align--left block-get-in-touch__heading\">\n\t\t\t\u00bfPreguntas?\t<\/h2>\t<\/div>\n\n\t<div class=\"block-get-in-touch__column block-get-in-touch__column--right block-get-in-touch__column--white\">\n\t\t\t\t<div class=\"block-get-in-touch__specialist\">\n\t\t\t\t\t\t\t<\/div>\n\t\t\n\t\t<button\tclass=\"cta-bar block-get-in-touch__cta-bar js-cta-bar\"\n\tid=\"block-get-in-touch-11f859012c6d60a5e654f464a0e5b2bb\"\n\ttitle=\"Contactanos\"\n\taria-label=\"\"\n\t\t>\n\t<div class=\"cta-bar__container cta-bar__container--size--default\">\n\t\t<div class=\"cta-bar__content\">\n\t\t\t<span class=\"cta-bar__label\">\n\t\t\t\tContactanos\t\t\t<\/span>\n\t\t\t<i class=\"icon icon icon__color--white icon__size--small icon__arrow-right-circle cta-bar__icon cta-bar__icon\">\n\t<svg width='24' height='24' fill='none' viewBox='0 0 24 24' xmlns='http:\/\/www.w3.org\/2000\/svg'><g class='symbol'><path d='M11.5215 17.2609L17.2607 12L11.5215 6.73912' stroke='currentColor' stroke-width='1.5' stroke-miterlimit='10'\/><path d='M16.7827 12L6.26099 12' stroke='currentColor' stroke-width='1.5' stroke-miterlimit='10'\/><circle cx='12' cy='12' r='11' stroke='currentColor' stroke-width='1.5' stroke-miterlimit='10'\/><\/g><path class='symbol-hover' fill-rule='evenodd' clip-rule='evenodd' d='M23 12C23 5.92487 18.0751 0.999999 12 1C5.92487 1 1 5.92487 1 12C1 18.0751 5.92487 23 12 23C18.0751 23 23 18.0751 23 12ZM17.7674 11.4471L12.0283 6.18627L11.0147 7.292L15.3326 11.25L6.26099 11.25L6.26099 12.75L15.3326 12.75L11.0147 16.708L12.0283 17.8137L17.7675 12.5529L18.3706 12L17.7674 11.4471Z' fill='currentColor'\/><\/svg><\/i>\t\t<\/div>\n\t<\/div>\n<\/button>\t<\/div>\n<\/div>\n\n<div\n\tclass=\"flyout-drawer js-flyout-drawer flyout-drawer__position--right\"\n\tdata-trigger=\"#block-get-in-touch-11f859012c6d60a5e654f464a0e5b2bb\"\n\tdata-instant-open=\"false\"\n>\n\t<div class=\"flyout-drawer__left-mobile-backplate\"><\/div>\n\t<div class=\"flyout-drawer__left-backplate\"><\/div>\n\n\t\t<div class=\"flyout-drawer__left\"><\/div>\n\n\t<button\tclass=\"cta-button flyout-drawer__close cta-button__color--white cta-button__style--text-and-icon js-drawer-close has-flipped-icon\" aria-label=\"Cerrar\" >\n\t<svg width='21' height='21' viewBox='0 0 21 21' fill='none' xmlns='http:\/\/www.w3.org\/2000\/svg'><circle cx='10.5' cy='10.5' r='9.5' transform='rotate(-90 10.5 10.5)' stroke='var(--dept-button-icon-outline-color)' stroke-width='1.3' stroke-miterlimit='10' fill='none'\/><circle class='icon-backplate' cx='10.5' cy='10.5' r='9.5' transform='rotate(-90 10.5 10.5)' fill='var(--dept-button-icon-backplate-color)' fill-opacity='1'\/><path class='icon-center' d='m14 7-7 7m0-7 7 7' stroke='var(--dept-button-icon-color)' stroke-width='1.5' fill='none'\/><\/svg>\n\t\t\t<span>\n\t\t\tCerrar\t\t<\/span>\n\t\n<\/button>\n\t<div class=\"flyout-drawer__right\">\n\t\t<div class=\"pardot-forms block-get-in-touch__pardot-forms js-pardot-forms has-picker\">\n\t\t\t<form action=\"\" class=\"pardot-forms__picker block-get-in-touch__picker js-pardot-forms-picker\" method=\"POST\">\n\t\t\t\t\t<\/form>\n\t\t<iframe\n\t\tdata-initial-src=\"\"\n\t\tclass=\"pardot-forms__embed block-get-in-touch__embed js-pardot-forms-embed\"\n\t\ttype=\"text\/html\"\n\t><\/iframe>\n\t<div class=\"loader pardot-forms__loader loader__color--hanPurple js-pardot-forms-loader\">\n\t<div class=\"loader__first\"><\/div>\n\t<div class=\"loader__second\"><\/div>\n<\/div><\/div>\t<\/div>\n\n\t<button\tclass=\"cta-button flyout-drawer__back cta-button__color--onyxGrey cta-button__style--text-and-icon js-drawer-back has-small-icon\" aria-label=\"Atr\u00e1s\" >\n\t<svg width='41' height='41' viewBox='0 0 41 41' fill='none' xmlns='http:\/\/www.w3.org\/2000\/svg'><circle cx='20.5' cy='20.5' r='19.5' transform='rotate(-90 20.5 20.5)' stroke='var(--dept-button-icon-outline-color)' stroke-width='1.3' stroke-miterlimit='10' fill='none'\/><circle class='icon-backplate' cx='20.5' cy='20.5' r='19.5' transform='rotate(-90 20.5 20.5)' fill='var(--dept-button-icon-backplate-color)' fill-opacity='1'\/><path class='icon-center' d='M21.174 30 11 20.674l10.174-9.326m-9.326 9.328H30.5' stroke='var(--dept-button-icon-color)' stroke-width='1.3' stroke-miterlimit='10' fill='none'\/><\/svg>\n\t\t\t<span>\n\t\t\tAtr\u00e1s\t\t<\/span>\n\t\n<\/button><\/div>","protected":false},"excerpt":{"rendered":"","protected":false},"author":40,"featured_media":4270375,"parent":0,"menu_order":0,"comment_status":"closed","ping_status":"closed","template":"","meta":{"_acf_changed":false,"es_utils_meta_schema":"","member_job_title":"","member_linkedin_url":"","dept_alt_featured_image":[],"dept_algolia_noindex":false,"dept_algolia_featured":false,"footnotes":""},"class_list":["post-4270373","page","type-page","status-publish","has-post-thumbnail","hentry"],"acf":{"dept_is_3q_page":false},"yoast_head":"<!-- This site is optimized with the Yoast SEO plugin v26.3 - https:\/\/yoast.com\/wordpress\/plugins\/seo\/ -->\n<title>Creando un futuro en el que creemos - DEPT\u00ae<\/title>\n<meta name=\"description\" content=\"Fundamos DEPT\u00ae para construir la mejor agencia digital del mundo. Y eso tambi\u00e9n significa construir la mejor agencia digital para el mundo.\" \/>\n<meta name=\"robots\" content=\"index, follow, max-snippet:-1, max-image-preview:large, max-video-preview:-1\" \/>\n<link rel=\"canonical\" href=\"https:\/\/www.deptagency.com\/latam\/creando-un-futuro-en-el-que-creemos\/\" \/>\n<meta property=\"og:locale\" content=\"es_ES\" \/>\n<meta property=\"og:type\" content=\"article\" \/>\n<meta property=\"og:title\" content=\"Creando un futuro en el que creemos - DEPT\u00ae\" \/>\n<meta property=\"og:description\" content=\"Fundamos DEPT\u00ae para construir la mejor agencia digital del mundo. Y eso tambi\u00e9n significa construir la mejor agencia digital para el mundo.\" \/>\n<meta property=\"og:url\" content=\"https:\/\/www.deptagency.com\/latam\/creando-un-futuro-en-el-que-creemos\/\" \/>\n<meta property=\"og:site_name\" content=\"DEPT\u00ae\" \/>\n<meta property=\"og:image\" content=\"https:\/\/www.deptagency.com\/wp-content\/uploads\/2021\/08\/Impact-report-featured-1.jpeg\" \/>\n\t<meta property=\"og:image:width\" content=\"1200\" \/>\n\t<meta property=\"og:image:height\" content=\"750\" \/>\n\t<meta property=\"og:image:type\" content=\"image\/jpeg\" \/>\n<meta name=\"twitter:card\" content=\"summary_large_image\" \/>\n<script type=\"application\/ld+json\" class=\"yoast-schema-graph\">{\"@context\":\"https:\/\/schema.org\",\"@graph\":[{\"@type\":\"WebPage\",\"@id\":\"https:\/\/www.deptagency.com\/latam\/creando-un-futuro-en-el-que-creemos\/\",\"url\":\"https:\/\/www.deptagency.com\/latam\/creando-un-futuro-en-el-que-creemos\/\",\"name\":\"Creando un futuro en el que creemos - DEPT\u00ae\",\"isPartOf\":{\"@id\":\"https:\/\/www.deptagency.com\/en-uki\/#website\"},\"primaryImageOfPage\":{\"@id\":\"https:\/\/www.deptagency.com\/latam\/creando-un-futuro-en-el-que-creemos\/#primaryimage\"},\"image\":{\"@id\":\"https:\/\/www.deptagency.com\/latam\/creando-un-futuro-en-el-que-creemos\/#primaryimage\"},\"thumbnailUrl\":\"https:\/\/www.deptagency.com\/wp-content\/uploads\/2021\/08\/Impact-report-featured-1.jpeg\",\"datePublished\":\"2022-02-14T15:25:50+00:00\",\"description\":\"Fundamos DEPT\u00ae para construir la mejor agencia digital del mundo. Y eso tambi\u00e9n significa construir la mejor agencia digital para el mundo.\",\"breadcrumb\":{\"@id\":\"https:\/\/www.deptagency.com\/latam\/creando-un-futuro-en-el-que-creemos\/#breadcrumb\"},\"inLanguage\":\"es-LATAM\",\"potentialAction\":[{\"@type\":\"ReadAction\",\"target\":[\"https:\/\/www.deptagency.com\/latam\/creando-un-futuro-en-el-que-creemos\/\"]}]},{\"@type\":\"ImageObject\",\"inLanguage\":\"es-LATAM\",\"@id\":\"https:\/\/www.deptagency.com\/latam\/creando-un-futuro-en-el-que-creemos\/#primaryimage\",\"url\":\"https:\/\/www.deptagency.com\/wp-content\/uploads\/2021\/08\/Impact-report-featured-1.jpeg\",\"contentUrl\":\"https:\/\/www.deptagency.com\/wp-content\/uploads\/2021\/08\/Impact-report-featured-1.jpeg\",\"width\":1200,\"height\":750},{\"@type\":\"BreadcrumbList\",\"@id\":\"https:\/\/www.deptagency.com\/latam\/creando-un-futuro-en-el-que-creemos\/#breadcrumb\",\"itemListElement\":[{\"@type\":\"ListItem\",\"position\":1,\"name\":\"Home\",\"item\":\"https:\/\/www.deptagency.com\/latam\/\"},{\"@type\":\"ListItem\",\"position\":2,\"name\":\"Creando un futuro en el que creemos\"}]},{\"@type\":\"WebSite\",\"@id\":\"https:\/\/www.deptagency.com\/en-uki\/#website\",\"url\":\"https:\/\/www.deptagency.com\/en-uki\/\",\"name\":\"DEPT\u00ae\",\"description\":\"\",\"potentialAction\":[{\"@type\":\"SearchAction\",\"target\":{\"@type\":\"EntryPoint\",\"urlTemplate\":\"https:\/\/www.deptagency.com\/en-uki\/?s={search_term_string}\"},\"query-input\":{\"@type\":\"PropertyValueSpecification\",\"valueRequired\":true,\"valueName\":\"search_term_string\"}}],\"inLanguage\":\"es-LATAM\"}]}<\/script>\n<!-- \/ Yoast SEO plugin. -->","yoast_head_json":{"title":"Creando un futuro en el que creemos - DEPT\u00ae","description":"Fundamos DEPT\u00ae para construir la mejor agencia digital del mundo. Y eso tambi\u00e9n significa construir la mejor agencia digital para el mundo.","robots":{"index":"index","follow":"follow","max-snippet":"max-snippet:-1","max-image-preview":"max-image-preview:large","max-video-preview":"max-video-preview:-1"},"canonical":"https:\/\/www.deptagency.com\/latam\/creando-un-futuro-en-el-que-creemos\/","og_locale":"es_ES","og_type":"article","og_title":"Creando un futuro en el que creemos - DEPT\u00ae","og_description":"Fundamos DEPT\u00ae para construir la mejor agencia digital del mundo. Y eso tambi\u00e9n significa construir la mejor agencia digital para el mundo.","og_url":"https:\/\/www.deptagency.com\/latam\/creando-un-futuro-en-el-que-creemos\/","og_site_name":"DEPT\u00ae","og_image":[{"width":1200,"height":750,"url":"https:\/\/www.deptagency.com\/wp-content\/uploads\/2021\/08\/Impact-report-featured-1.jpeg","type":"image\/jpeg"}],"twitter_card":"summary_large_image","schema":{"@context":"https:\/\/schema.org","@graph":[{"@type":"WebPage","@id":"https:\/\/www.deptagency.com\/latam\/creando-un-futuro-en-el-que-creemos\/","url":"https:\/\/www.deptagency.com\/latam\/creando-un-futuro-en-el-que-creemos\/","name":"Creando un futuro en el que creemos - DEPT\u00ae","isPartOf":{"@id":"https:\/\/www.deptagency.com\/en-uki\/#website"},"primaryImageOfPage":{"@id":"https:\/\/www.deptagency.com\/latam\/creando-un-futuro-en-el-que-creemos\/#primaryimage"},"image":{"@id":"https:\/\/www.deptagency.com\/latam\/creando-un-futuro-en-el-que-creemos\/#primaryimage"},"thumbnailUrl":"https:\/\/www.deptagency.com\/wp-content\/uploads\/2021\/08\/Impact-report-featured-1.jpeg","datePublished":"2022-02-14T15:25:50+00:00","description":"Fundamos DEPT\u00ae para construir la mejor agencia digital del mundo. Y eso tambi\u00e9n significa construir la mejor agencia digital para el mundo.","breadcrumb":{"@id":"https:\/\/www.deptagency.com\/latam\/creando-un-futuro-en-el-que-creemos\/#breadcrumb"},"inLanguage":"es-LATAM","potentialAction":[{"@type":"ReadAction","target":["https:\/\/www.deptagency.com\/latam\/creando-un-futuro-en-el-que-creemos\/"]}]},{"@type":"ImageObject","inLanguage":"es-LATAM","@id":"https:\/\/www.deptagency.com\/latam\/creando-un-futuro-en-el-que-creemos\/#primaryimage","url":"https:\/\/www.deptagency.com\/wp-content\/uploads\/2021\/08\/Impact-report-featured-1.jpeg","contentUrl":"https:\/\/www.deptagency.com\/wp-content\/uploads\/2021\/08\/Impact-report-featured-1.jpeg","width":1200,"height":750},{"@type":"BreadcrumbList","@id":"https:\/\/www.deptagency.com\/latam\/creando-un-futuro-en-el-que-creemos\/#breadcrumb","itemListElement":[{"@type":"ListItem","position":1,"name":"Home","item":"https:\/\/www.deptagency.com\/latam\/"},{"@type":"ListItem","position":2,"name":"Creando un futuro en el que creemos"}]},{"@type":"WebSite","@id":"https:\/\/www.deptagency.com\/en-uki\/#website","url":"https:\/\/www.deptagency.com\/en-uki\/","name":"DEPT\u00ae","description":"","potentialAction":[{"@type":"SearchAction","target":{"@type":"EntryPoint","urlTemplate":"https:\/\/www.deptagency.com\/en-uki\/?s={search_term_string}"},"query-input":{"@type":"PropertyValueSpecification","valueRequired":true,"valueName":"search_term_string"}}],"inLanguage":"es-LATAM"}]}},"_links":{"self":[{"href":"https:\/\/www.deptagency.com\/latam\/wp-json\/wp\/v2\/pages\/4270373","targetHints":{"allow":["GET"]}}],"collection":[{"href":"https:\/\/www.deptagency.com\/latam\/wp-json\/wp\/v2\/pages"}],"about":[{"href":"https:\/\/www.deptagency.com\/latam\/wp-json\/wp\/v2\/types\/page"}],"author":[{"embeddable":true,"href":"https:\/\/www.deptagency.com\/latam\/wp-json\/wp\/v2\/users\/40"}],"replies":[{"embeddable":true,"href":"https:\/\/www.deptagency.com\/latam\/wp-json\/wp\/v2\/comments?post=4270373"}],"version-history":[{"count":0,"href":"https:\/\/www.deptagency.com\/latam\/wp-json\/wp\/v2\/pages\/4270373\/revisions"}],"wp:featuredmedia":[{"embeddable":true,"href":"https:\/\/www.deptagency.com\/latam\/wp-json\/wp\/v2\/media\/4270375"}],"wp:attachment":[{"href":"https:\/\/www.deptagency.com\/latam\/wp-json\/wp\/v2\/media?parent=4270373"}],"curies":[{"name":"wp","href":"https:\/\/api.w.org\/{rel}","templated":true}]}}