{"id":4270370,"date":"2021-10-11T17:56:23","date_gmt":"2021-10-11T15:56:23","guid":{"rendered":"https:\/\/www.deptagency.com\/detalles-de-la-agencia\/"},"modified":"2025-08-14T20:54:19","modified_gmt":"2025-08-14T18:54:19","slug":"detalles-de-la-agencia","status":"publish","type":"page","link":"https:\/\/www.deptagency.com\/latam\/detalles-de-la-agencia\/","title":{"rendered":"Detalles de la agencia"},"content":{"rendered":"<div class=\"block-panel-with-rich-text\">\n\t<div class=\"block-panel-with-rich-text__left block-panel-with-rich-text__left--richBlack\">\n\t\t<h2 class=\"heading heading__size--xl heading__align--left block-panel-with-rich-text__heading\">\n\t\t\tDetalles de la agencia\t<\/h2>\t<\/div>\n\n\t<div class=\"block-panel-with-rich-text__right block-panel-with-rich-text__right--white\">\n\t\t<div class=\"block-panel-with-rich-text__right-content block-panel-with-rich-text__right-content--white\">\n\t\t\t\n<div class='block-panel-with-rich-text__item'><div class='block-panel-with-rich-text__item-inner'><h1 class=\"heading heading__size--s heading__align--left block-heading__heading\">\n\t\t\tEste sitio es propiedad y est\u00e1 operado por:\t<\/h1><\/div><\/div>\n\n<div class='block-panel-with-rich-text__item'><div class='block-panel-with-rich-text__item-inner'><p class=\"paragraph paragraph__size--default paragraph__align--left block-paragraph__paragraph\">Dept Holding B.V.<br>Generaal Vetterstraat 66<br>NL-1059BW Amsterdam<br>The Netherlands<br><br>VAT number: NL855247502B01<br>Chamber of Commerce number: 63464101<br><br>Directors:<br>Dimi Albers &#8211; CEO<br>Frank Schmid &#8211; CDO<br><br><br>En Argentina, DEPT\u00ae opera a trav\u00e9s de las siguientes compa\u00f1\u00edas:<br><br>Digital Product and Design Services SA<br>Public Registry of Commerce: 1.966.802.<br><br>Directors: <br>Joaquin Alejo Gatti &#8211; VP of LATAM<\/p><\/div><\/div>\n\t\t<\/div>\n\n\t\t<\/div>\n<\/div>\n\n<div\n\tclass=\"flyout-drawer js-flyout-drawer flyout-drawer__position--right\"\n\tdata-trigger=\"#block-panel-with-rich-text-f86143aca7b69749830374681a3f7dfd\"\n\tdata-instant-open=\"false\"\n>\n\t<div class=\"flyout-drawer__left-mobile-backplate\"><\/div>\n\t<div class=\"flyout-drawer__left-backplate\"><\/div>\n\n\t\t<div class=\"flyout-drawer__left\"><\/div>\n\n\t<button\tclass=\"cta-button flyout-drawer__close cta-button__color--white cta-button__style--text-and-icon js-drawer-close has-flipped-icon\" aria-label=\"Cerrar\" >\n\t<svg width='21' height='21' viewBox='0 0 21 21' fill='none' xmlns='http:\/\/www.w3.org\/2000\/svg'><circle cx='10.5' cy='10.5' r='9.5' transform='rotate(-90 10.5 10.5)' stroke='var(--dept-button-icon-outline-color)' stroke-width='1.3' stroke-miterlimit='10' fill='none'\/><circle class='icon-backplate' cx='10.5' cy='10.5' r='9.5' transform='rotate(-90 10.5 10.5)' fill='var(--dept-button-icon-backplate-color)' fill-opacity='1'\/><path class='icon-center' d='m14 7-7 7m0-7 7 7' stroke='var(--dept-button-icon-color)' stroke-width='1.5' fill='none'\/><\/svg>\n\t\t\t<span>\n\t\t\tCerrar\t\t<\/span>\n\t\n<\/button>\n\t<div class=\"flyout-drawer__right\">\n\t\t<div class=\"pardot-forms block-panel-with-rich-text__pardot-forms js-pardot-forms has-picker\">\n\t\t\t<form action=\"\" class=\"pardot-forms__picker block-panel-with-rich-text__picker js-pardot-forms-picker\" method=\"POST\">\n\t\t\t\t\t<\/form>\n\t\t<iframe\n\t\tdata-initial-src=\"\"\n\t\tclass=\"pardot-forms__embed block-panel-with-rich-text__embed js-pardot-forms-embed\"\n\t\ttype=\"text\/html\"\n\t><\/iframe>\n\t<div class=\"loader pardot-forms__loader loader__color--hanPurple js-pardot-forms-loader\">\n\t<div class=\"loader__first\"><\/div>\n\t<div class=\"loader__second\"><\/div>\n<\/div><\/div>\t<\/div>\n\n\t<button\tclass=\"cta-button flyout-drawer__back cta-button__color--onyxGrey cta-button__style--text-and-icon js-drawer-back has-small-icon\" aria-label=\"Atr\u00e1s\" >\n\t<svg width='41' height='41' viewBox='0 0 41 41' fill='none' xmlns='http:\/\/www.w3.org\/2000\/svg'><circle cx='20.5' cy='20.5' r='19.5' transform='rotate(-90 20.5 20.5)' stroke='var(--dept-button-icon-outline-color)' stroke-width='1.3' stroke-miterlimit='10' fill='none'\/><circle class='icon-backplate' cx='20.5' cy='20.5' r='19.5' transform='rotate(-90 20.5 20.5)' fill='var(--dept-button-icon-backplate-color)' fill-opacity='1'\/><path class='icon-center' d='M21.174 30 11 20.674l10.174-9.326m-9.326 9.328H30.5' stroke='var(--dept-button-icon-color)' stroke-width='1.3' stroke-miterlimit='10' fill='none'\/><\/svg>\n\t\t\t<span>\n\t\t\tAtr\u00e1s\t\t<\/span>\n\t\n<\/button><\/div>\n\n<div class=\"block-panel-with-rich-text\">\n\t<div class=\"block-panel-with-rich-text__left block-panel-with-rich-text__left--white\">\n\t\t\t<\/div>\n\n\t<div class=\"block-panel-with-rich-text__right block-panel-with-rich-text__right\">\n\t\t<div class=\"block-panel-with-rich-text__right-content block-panel-with-rich-text__right-content\">\n\t\t\t\n<div class='block-panel-with-rich-text__item'><div class='block-panel-with-rich-text__item-inner'><p class=\"paragraph paragraph__size--default paragraph__align--left block-paragraph__paragraph\">Obviamente, DEPT\u00ae es mucho m\u00e1s que s\u00f3lo la informaci\u00f3n f\u00e1ctica mencionada anteriormente. Por ejemplo, \u00bfsab\u00edas que tenemos oficinas en todo el mundo? En nuestra\u00a0<a href=\"https:\/\/www.deptagency.com\/latam\/contacto\/\" target=\"_blank\" rel=\"noreferrer noopener\">p\u00e1gina de contacto<\/a>\u00a0siempre encontrar\u00e1s una oficina de DEPT\u00ae cerca tuyo. Pero si realmente quieres conocernos, puedes ver lo que ofrecemos en nuestra <a href=\"https:\/\/www.deptagency.com\/latam\/soluciones\/\" target=\"_blank\" rel=\"noreferrer noopener\">p\u00e1gina de servicios<\/a> o consultando nuestros <a href=\"https:\/\/www.deptagency.com\/latam\/dept-insights-descargas-y-eventos\/\" target=\"_blank\" rel=\"noreferrer noopener\">insights<\/a> para verificar qu\u00e9 es lo que estamos pensando. <br><br>Igualmente, si todav\u00eda quedan preguntas o quieres compartirnos alguna idea, contacta a nuestro equipo de marketing en <a href=\"mailto:marketing@deptagency.com\" target=\"_blank\" rel=\"noreferrer noopener\">marketing@deptagency.com<\/a><\/p><\/div><\/div>\n\t\t<\/div>\n\n\t\t<\/div>\n<\/div>\n\n<div\n\tclass=\"flyout-drawer js-flyout-drawer flyout-drawer__position--right\"\n\tdata-trigger=\"#block-panel-with-rich-text-dd26f3c4bdc5e59c3f62bbe370ef91cb\"\n\tdata-instant-open=\"false\"\n>\n\t<div class=\"flyout-drawer__left-mobile-backplate\"><\/div>\n\t<div class=\"flyout-drawer__left-backplate\"><\/div>\n\n\t\t<div class=\"flyout-drawer__left\"><\/div>\n\n\t<button\tclass=\"cta-button flyout-drawer__close cta-button__color--white cta-button__style--text-and-icon js-drawer-close has-flipped-icon\" aria-label=\"Cerrar\" >\n\t<svg width='21' height='21' viewBox='0 0 21 21' fill='none' xmlns='http:\/\/www.w3.org\/2000\/svg'><circle cx='10.5' cy='10.5' r='9.5' transform='rotate(-90 10.5 10.5)' stroke='var(--dept-button-icon-outline-color)' stroke-width='1.3' stroke-miterlimit='10' fill='none'\/><circle class='icon-backplate' cx='10.5' cy='10.5' r='9.5' transform='rotate(-90 10.5 10.5)' fill='var(--dept-button-icon-backplate-color)' fill-opacity='1'\/><path class='icon-center' d='m14 7-7 7m0-7 7 7' stroke='var(--dept-button-icon-color)' stroke-width='1.5' fill='none'\/><\/svg>\n\t\t\t<span>\n\t\t\tCerrar\t\t<\/span>\n\t\n<\/button>\n\t<div class=\"flyout-drawer__right\">\n\t\t<div class=\"pardot-forms block-panel-with-rich-text__pardot-forms js-pardot-forms has-picker\">\n\t\t\t<form action=\"\" class=\"pardot-forms__picker block-panel-with-rich-text__picker js-pardot-forms-picker\" method=\"POST\">\n\t\t\t\t\t<\/form>\n\t\t<iframe\n\t\tdata-initial-src=\"\"\n\t\tclass=\"pardot-forms__embed block-panel-with-rich-text__embed js-pardot-forms-embed\"\n\t\ttype=\"text\/html\"\n\t><\/iframe>\n\t<div class=\"loader pardot-forms__loader loader__color--hanPurple js-pardot-forms-loader\">\n\t<div class=\"loader__first\"><\/div>\n\t<div class=\"loader__second\"><\/div>\n<\/div><\/div>\t<\/div>\n\n\t<button\tclass=\"cta-button flyout-drawer__back cta-button__color--onyxGrey cta-button__style--text-and-icon js-drawer-back has-small-icon\" aria-label=\"Atr\u00e1s\" >\n\t<svg width='41' height='41' viewBox='0 0 41 41' fill='none' xmlns='http:\/\/www.w3.org\/2000\/svg'><circle cx='20.5' cy='20.5' r='19.5' transform='rotate(-90 20.5 20.5)' stroke='var(--dept-button-icon-outline-color)' stroke-width='1.3' stroke-miterlimit='10' fill='none'\/><circle class='icon-backplate' cx='20.5' cy='20.5' r='19.5' transform='rotate(-90 20.5 20.5)' fill='var(--dept-button-icon-backplate-color)' fill-opacity='1'\/><path class='icon-center' d='M21.174 30 11 20.674l10.174-9.326m-9.326 9.328H30.5' stroke='var(--dept-button-icon-color)' stroke-width='1.3' stroke-miterlimit='10' fill='none'\/><\/svg>\n\t\t\t<span>\n\t\t\tAtr\u00e1s\t\t<\/span>\n\t\n<\/button><\/div>","protected":false},"excerpt":{"rendered":"","protected":false},"author":40,"featured_media":4279365,"parent":0,"menu_order":0,"comment_status":"closed","ping_status":"closed","template":"","meta":{"_acf_changed":false,"es_utils_meta_schema":"","member_job_title":"","member_linkedin_url":"","dept_alt_featured_image":[],"dept_algolia_noindex":false,"dept_algolia_featured":false,"footnotes":""},"class_list":["post-4270370","page","type-page","status-publish","has-post-thumbnail","hentry"],"acf":{"dept_is_3q_page":false},"yoast_head":"<!-- This site is optimized with the Yoast SEO plugin v27.3 - https:\/\/yoast.com\/product\/yoast-seo-wordpress\/ -->\n<title>Detalles de la agencia - DEPT\u00ae<\/title>\n<meta name=\"robots\" content=\"index, follow, max-snippet:-1, max-image-preview:large, max-video-preview:-1\" \/>\n<link rel=\"canonical\" href=\"https:\/\/www.deptagency.com\/latam\/detalles-de-la-agencia\/\" \/>\n<meta property=\"og:locale\" content=\"es_ES\" \/>\n<meta property=\"og:type\" content=\"article\" \/>\n<meta property=\"og:title\" content=\"Detalles de la agencia - DEPT\u00ae\" \/>\n<meta property=\"og:url\" content=\"https:\/\/www.deptagency.com\/latam\/detalles-de-la-agencia\/\" \/>\n<meta property=\"og:site_name\" content=\"DEPT\u00ae\" \/>\n<meta property=\"article:modified_time\" content=\"2025-08-14T18:54:19+00:00\" \/>\n<meta property=\"og:image\" content=\"https:\/\/www.deptagency.com\/wp-content\/uploads\/2025\/01\/dept-logo2.png\" \/>\n\t<meta property=\"og:image:width\" content=\"400\" \/>\n\t<meta property=\"og:image:height\" content=\"210\" \/>\n\t<meta property=\"og:image:type\" content=\"image\/png\" \/>\n<meta name=\"twitter:card\" content=\"summary_large_image\" \/>\n<meta name=\"twitter:label1\" content=\"Est. reading time\" \/>\n\t<meta name=\"twitter:data1\" content=\"1 minute\" \/>\n<script type=\"application\/ld+json\" class=\"yoast-schema-graph\">{\"@context\":\"https:\\\/\\\/schema.org\",\"@graph\":[{\"@type\":\"WebPage\",\"@id\":\"https:\\\/\\\/www.deptagency.com\\\/latam\\\/detalles-de-la-agencia\\\/\",\"url\":\"https:\\\/\\\/www.deptagency.com\\\/latam\\\/detalles-de-la-agencia\\\/\",\"name\":\"Detalles de la agencia - DEPT\u00ae\",\"isPartOf\":{\"@id\":\"https:\\\/\\\/www.deptagency.com\\\/en-uki\\\/#website\"},\"primaryImageOfPage\":{\"@id\":\"https:\\\/\\\/www.deptagency.com\\\/latam\\\/detalles-de-la-agencia\\\/#primaryimage\"},\"image\":{\"@id\":\"https:\\\/\\\/www.deptagency.com\\\/latam\\\/detalles-de-la-agencia\\\/#primaryimage\"},\"thumbnailUrl\":\"https:\\\/\\\/www.deptagency.com\\\/wp-content\\\/uploads\\\/2025\\\/01\\\/dept-logo2.png\",\"datePublished\":\"2021-10-11T15:56:23+00:00\",\"dateModified\":\"2025-08-14T18:54:19+00:00\",\"breadcrumb\":{\"@id\":\"https:\\\/\\\/www.deptagency.com\\\/latam\\\/detalles-de-la-agencia\\\/#breadcrumb\"},\"inLanguage\":\"es-LATAM\",\"potentialAction\":[{\"@type\":\"ReadAction\",\"target\":[\"https:\\\/\\\/www.deptagency.com\\\/latam\\\/detalles-de-la-agencia\\\/\"]}]},{\"@type\":\"ImageObject\",\"inLanguage\":\"es-LATAM\",\"@id\":\"https:\\\/\\\/www.deptagency.com\\\/latam\\\/detalles-de-la-agencia\\\/#primaryimage\",\"url\":\"https:\\\/\\\/www.deptagency.com\\\/wp-content\\\/uploads\\\/2025\\\/01\\\/dept-logo2.png\",\"contentUrl\":\"https:\\\/\\\/www.deptagency.com\\\/wp-content\\\/uploads\\\/2025\\\/01\\\/dept-logo2.png\",\"width\":400,\"height\":210,\"caption\":\"dept logo small\"},{\"@type\":\"BreadcrumbList\",\"@id\":\"https:\\\/\\\/www.deptagency.com\\\/latam\\\/detalles-de-la-agencia\\\/#breadcrumb\",\"itemListElement\":[{\"@type\":\"ListItem\",\"position\":1,\"name\":\"Home\",\"item\":\"https:\\\/\\\/www.deptagency.com\\\/latam\\\/\"},{\"@type\":\"ListItem\",\"position\":2,\"name\":\"Detalles de la agencia\"}]},{\"@type\":\"WebSite\",\"@id\":\"https:\\\/\\\/www.deptagency.com\\\/en-uki\\\/#website\",\"url\":\"https:\\\/\\\/www.deptagency.com\\\/en-uki\\\/\",\"name\":\"DEPT\u00ae\",\"description\":\"\",\"potentialAction\":[{\"@type\":\"SearchAction\",\"target\":{\"@type\":\"EntryPoint\",\"urlTemplate\":\"https:\\\/\\\/www.deptagency.com\\\/en-uki\\\/?s={search_term_string}\"},\"query-input\":{\"@type\":\"PropertyValueSpecification\",\"valueRequired\":true,\"valueName\":\"search_term_string\"}}],\"inLanguage\":\"es-LATAM\"}]}<\/script>\n<!-- \/ Yoast SEO plugin. -->","yoast_head_json":{"title":"Detalles de la agencia - DEPT\u00ae","robots":{"index":"index","follow":"follow","max-snippet":"max-snippet:-1","max-image-preview":"max-image-preview:large","max-video-preview":"max-video-preview:-1"},"canonical":"https:\/\/www.deptagency.com\/latam\/detalles-de-la-agencia\/","og_locale":"es_ES","og_type":"article","og_title":"Detalles de la agencia - DEPT\u00ae","og_url":"https:\/\/www.deptagency.com\/latam\/detalles-de-la-agencia\/","og_site_name":"DEPT\u00ae","article_modified_time":"2025-08-14T18:54:19+00:00","og_image":[{"width":400,"height":210,"url":"https:\/\/www.deptagency.com\/wp-content\/uploads\/2025\/01\/dept-logo2.png","type":"image\/png"}],"twitter_card":"summary_large_image","twitter_misc":{"Est. reading time":"1 minute"},"schema":{"@context":"https:\/\/schema.org","@graph":[{"@type":"WebPage","@id":"https:\/\/www.deptagency.com\/latam\/detalles-de-la-agencia\/","url":"https:\/\/www.deptagency.com\/latam\/detalles-de-la-agencia\/","name":"Detalles de la agencia - DEPT\u00ae","isPartOf":{"@id":"https:\/\/www.deptagency.com\/en-uki\/#website"},"primaryImageOfPage":{"@id":"https:\/\/www.deptagency.com\/latam\/detalles-de-la-agencia\/#primaryimage"},"image":{"@id":"https:\/\/www.deptagency.com\/latam\/detalles-de-la-agencia\/#primaryimage"},"thumbnailUrl":"https:\/\/www.deptagency.com\/wp-content\/uploads\/2025\/01\/dept-logo2.png","datePublished":"2021-10-11T15:56:23+00:00","dateModified":"2025-08-14T18:54:19+00:00","breadcrumb":{"@id":"https:\/\/www.deptagency.com\/latam\/detalles-de-la-agencia\/#breadcrumb"},"inLanguage":"es-LATAM","potentialAction":[{"@type":"ReadAction","target":["https:\/\/www.deptagency.com\/latam\/detalles-de-la-agencia\/"]}]},{"@type":"ImageObject","inLanguage":"es-LATAM","@id":"https:\/\/www.deptagency.com\/latam\/detalles-de-la-agencia\/#primaryimage","url":"https:\/\/www.deptagency.com\/wp-content\/uploads\/2025\/01\/dept-logo2.png","contentUrl":"https:\/\/www.deptagency.com\/wp-content\/uploads\/2025\/01\/dept-logo2.png","width":400,"height":210,"caption":"dept logo small"},{"@type":"BreadcrumbList","@id":"https:\/\/www.deptagency.com\/latam\/detalles-de-la-agencia\/#breadcrumb","itemListElement":[{"@type":"ListItem","position":1,"name":"Home","item":"https:\/\/www.deptagency.com\/latam\/"},{"@type":"ListItem","position":2,"name":"Detalles de la agencia"}]},{"@type":"WebSite","@id":"https:\/\/www.deptagency.com\/en-uki\/#website","url":"https:\/\/www.deptagency.com\/en-uki\/","name":"DEPT\u00ae","description":"","potentialAction":[{"@type":"SearchAction","target":{"@type":"EntryPoint","urlTemplate":"https:\/\/www.deptagency.com\/en-uki\/?s={search_term_string}"},"query-input":{"@type":"PropertyValueSpecification","valueRequired":true,"valueName":"search_term_string"}}],"inLanguage":"es-LATAM"}]}},"_links":{"self":[{"href":"https:\/\/www.deptagency.com\/latam\/wp-json\/wp\/v2\/pages\/4270370","targetHints":{"allow":["GET"]}}],"collection":[{"href":"https:\/\/www.deptagency.com\/latam\/wp-json\/wp\/v2\/pages"}],"about":[{"href":"https:\/\/www.deptagency.com\/latam\/wp-json\/wp\/v2\/types\/page"}],"author":[{"embeddable":true,"href":"https:\/\/www.deptagency.com\/latam\/wp-json\/wp\/v2\/users\/40"}],"replies":[{"embeddable":true,"href":"https:\/\/www.deptagency.com\/latam\/wp-json\/wp\/v2\/comments?post=4270370"}],"version-history":[{"count":2,"href":"https:\/\/www.deptagency.com\/latam\/wp-json\/wp\/v2\/pages\/4270370\/revisions"}],"predecessor-version":[{"id":4324034,"href":"https:\/\/www.deptagency.com\/latam\/wp-json\/wp\/v2\/pages\/4270370\/revisions\/4324034"}],"wp:featuredmedia":[{"embeddable":true,"href":"https:\/\/www.deptagency.com\/latam\/wp-json\/wp\/v2\/media\/4279365"}],"wp:attachment":[{"href":"https:\/\/www.deptagency.com\/latam\/wp-json\/wp\/v2\/media?parent=4270370"}],"curies":[{"name":"wp","href":"https:\/\/api.w.org\/{rel}","templated":true}]}}