{"id":4270365,"date":"2021-04-09T09:25:45","date_gmt":"2021-04-09T07:25:45","guid":{"rendered":"https:\/\/www.deptagency.com\/insights\/"},"modified":"2025-12-12T20:54:39","modified_gmt":"2025-12-12T18:54:39","slug":"dept-insights-descargas-y-eventos","status":"publish","type":"page","link":"https:\/\/www.deptagency.com\/latam\/dept-insights-descargas-y-eventos\/","title":{"rendered":"Insights"},"content":{"rendered":"<div class=\"block-content-listing js-block-content-listing\">\n\t<div\n\t\tclass=\"js-block-content-listing-container\"\n\t\tdata-taxonomies=\"{&quot;article&quot;:{&quot;insight-topic&quot;:{&quot;taxonomy&quot;:{&quot;name&quot;:&quot;Temas&quot;,&quot;slug&quot;:&quot;insight-topic&quot;},&quot;terms&quot;:[{&quot;id&quot;:42757,&quot;name&quot;:&quot;Comercio&quot;,&quot;slug&quot;:&quot;comercio-latam&quot;,&quot;count&quot;:12},{&quot;id&quot;:42751,&quot;name&quot;:&quot;Experiencia del Cliente&quot;,&quot;slug&quot;:&quot;experiencia-del-cliente-latam&quot;,&quot;count&quot;:4},{&quot;id&quot;:42754,&quot;name&quot;:&quot;Marca y Medios&quot;,&quot;slug&quot;:&quot;marca-y-medios-latam&quot;,&quot;count&quot;:28},{&quot;id&quot;:42750,&quot;name&quot;:&quot;Noticias&quot;,&quot;slug&quot;:&quot;noticias-latam&quot;,&quot;count&quot;:53},{&quot;id&quot;:42854,&quot;name&quot;:&quot;Strategic Navigators&quot;,&quot;slug&quot;:&quot;strategic-navigators-latam&quot;,&quot;count&quot;:3},{&quot;id&quot;:42753,&quot;name&quot;:&quot;Tecnolog\\u00eda y Datos&quot;,&quot;slug&quot;:&quot;tecnologia-y-datos-latam&quot;,&quot;count&quot;:17},{&quot;id&quot;:42752,&quot;name&quot;:&quot;Transformaci\\u00f3n con IA&quot;,&quot;slug&quot;:&quot;ai-latam&quot;,&quot;count&quot;:21}]}},&quot;whitepaper&quot;:{&quot;whitepaper-topic&quot;:{&quot;taxonomy&quot;:{&quot;name&quot;:&quot;Topics&quot;,&quot;slug&quot;:&quot;whitepaper-topic&quot;},&quot;terms&quot;:[{&quot;id&quot;:42746,&quot;name&quot;:&quot;Marketing&quot;,&quot;slug&quot;:&quot;marketing-latam&quot;,&quot;count&quot;:3},{&quot;id&quot;:42834,&quot;name&quot;:&quot;Marketing&quot;,&quot;slug&quot;:&quot;marketing-latam-2&quot;,&quot;count&quot;:2},{&quot;id&quot;:42882,&quot;name&quot;:&quot;Technology&quot;,&quot;slug&quot;:&quot;technology&quot;,&quot;count&quot;:1},{&quot;id&quot;:42747,&quot;name&quot;:&quot;Tecnolog\\u00eda&quot;,&quot;slug&quot;:&quot;tecnologia-latam&quot;,&quot;count&quot;:3}]}}}\"\n\t\tdata-empty-state-label=\"No hay nada programado en este momento, pero mantente atento a esta p\u00e1gina para conocer nuestros futuros eventos.\"\n\t\tdata-empty-state-image-url=\"https:\/\/www.deptagency.com\/wp-content\/uploads\/2024\/12\/dept-events-no-results.gif\"\n\t\tdata-animation=\"fade\"\n\t\tdata-animation-delay=\"0.65\"\n\t\tdata-language=\"latam\"\n\t\tdata-post-types=\"{&quot;all&quot;:&quot;Art\\u00edculos&quot;,&quot;article&quot;:&quot;Articles&quot;,&quot;whitepaper&quot;:&quot;Downloads&quot;,&quot;event&quot;:&quot;Events&quot;,&quot;podcast&quot;:&quot;Podcasts&quot;}\"\n\t\tdata-post-count=\"{&quot;article&quot;:142,&quot;whitepaper&quot;:7,&quot;event&quot;:0,&quot;podcast&quot;:10}\"\n\t\tdata-title-tag=\"h1\"\n\t\tdata-title-use=\"true\"\n\t\tdata-title-uppercase-use=\"true\"\n\t\tdata-title-bold-use=\"true\"\n\t\tdata-filters-use=\"true\"\n\t\tdata-pagination-use=\"true\"\n\t\tdata-max-items=\"14\"\n\t\tdata-square-images-use=\"false\"\n\t\tdata-prominent-hero-use=\"false\"\n\t\tdata-type-tag-icon-use=\"true\"\n\t\tdata-type-tag-orange-use=\"false\"\n\t\tdata-type-tag-pill-use=\"false\"\n\t\tdata-additional-type=\"podcast\"\n\t\t\t\tdata-featured=\"{&quot;all&quot;:[{&quot;postType&quot;:&quot;whitepaper&quot;,&quot;id&quot;:4367335,&quot;img&quot;:{&quot;url&quot;:&quot;https:\\\/\\\/www.deptagency.com\\\/wp-content\\\/uploads\\\/2025\\\/11\\\/Trends2026_HeroImage.webp&quot;,&quot;alt&quot;:&quot;&quot;},&quot;altImg&quot;:{&quot;url&quot;:&quot;&quot;,&quot;alt&quot;:false},&quot;url&quot;:&quot;https:\\\/\\\/www.deptagency.com\\\/latam\\\/downloads\\\/ahora-y-lo-que-sigue-tendencias-2026-que-impulsan-el-crecimiento\\\/&quot;,&quot;title&quot;:&quot;Ahora y lo que sigue: tendencias 2026 que impulsan el crecimiento&quot;,&quot;tags&quot;:[&quot;&quot;,&quot;&quot;]},{&quot;postType&quot;:&quot;article&quot;,&quot;id&quot;:4366045,&quot;img&quot;:{&quot;url&quot;:&quot;https:\\\/\\\/www.deptagency.com\\\/wp-content\\\/uploads\\\/2025\\\/11\\\/Lovie-AOTY-2025-1920x1080-1.webp&quot;,&quot;alt&quot;:&quot;&quot;},&quot;altImg&quot;:{&quot;url&quot;:&quot;https:\\\/\\\/www.deptagency.com\\\/wp-content\\\/uploads\\\/2025\\\/11\\\/Lovie-AOTY-2025-1080x1350-1.webp&quot;,&quot;alt&quot;:&quot;A person holding three heart-shaped, pixelated trophies against an orange background.&quot;},&quot;url&quot;:&quot;https:\\\/\\\/www.deptagency.com\\\/latam\\\/insight\\\/celebrando-la-creatividad-el-impacto-y-la-innovacion-dept-nombrada-2025-lovies-aoty\\\/&quot;,&quot;title&quot;:&quot;Celebrando la creatividad, el impacto y la innovaci\\u00f3n: DEPT\\u00ae nombrada Agency of the Year en los Lovie Awards 2025&quot;,&quot;tags&quot;:[&quot;&quot;,&quot;&quot;]},{&quot;postType&quot;:&quot;article&quot;,&quot;id&quot;:4367027,&quot;img&quot;:{&quot;url&quot;:&quot;https:\\\/\\\/www.deptagency.com\\\/wp-content\\\/uploads\\\/2025\\\/11\\\/Anthem-1920x1080-1.webp&quot;,&quot;alt&quot;:&quot;&quot;},&quot;altImg&quot;:{&quot;url&quot;:&quot;https:\\\/\\\/www.deptagency.com\\\/wp-content\\\/uploads\\\/2025\\\/11\\\/Anthem-1080x1350-1.webp&quot;,&quot;alt&quot;:&quot;&quot;},&quot;url&quot;:&quot;https:\\\/\\\/www.deptagency.com\\\/latam\\\/insight\\\/proposito-en-practica-dept-es-aoty-en-los-anthem-awards-2025\\\/&quot;,&quot;title&quot;:&quot;El prop\\u00f3sito llevado a la pr\\u00e1ctica: DEPT\\u00ae es Agency of the Year en los Anthem Awards 2025&quot;,&quot;tags&quot;:[&quot;&quot;,&quot;&quot;]}],&quot;article&quot;:[{&quot;postType&quot;:&quot;article&quot;,&quot;id&quot;:4329650,&quot;img&quot;:{&quot;url&quot;:&quot;https:\\\/\\\/www.deptagency.com\\\/wp-content\\\/uploads\\\/2025\\\/10\\\/DEPT-Leadership-1920x1080-1.webp&quot;,&quot;alt&quot;:&quot;DEPT leadership 2025 &quot;},&quot;altImg&quot;:{&quot;url&quot;:&quot;https:\\\/\\\/www.deptagency.com\\\/wp-content\\\/uploads\\\/2025\\\/10\\\/DEPT-Leadership-1080x1350-1.webp&quot;,&quot;alt&quot;:&quot;DEPT leadership 2025&quot;},&quot;url&quot;:&quot;https:\\\/\\\/www.deptagency.com\\\/latam\\\/insight\\\/dept-celebra-su-decimo-aniversario-y-redobla-su-apuesta-por-la-inversion-del-crecimiento\\\/&quot;,&quot;title&quot;:&quot;DEPT\\u00ae celebra su d\\u00e9cimo aniversario y redobla su apuesta por la Inversi\\u00f3n del Crecimiento&quot;,&quot;tags&quot;:[&quot;&quot;,&quot;&quot;]},{&quot;postType&quot;:&quot;article&quot;,&quot;id&quot;:4328178,&quot;img&quot;:{&quot;url&quot;:&quot;https:\\\/\\\/www.deptagency.com\\\/wp-content\\\/uploads\\\/2025\\\/09\\\/Lovie-Awards-2025-DEPT.webp&quot;,&quot;alt&quot;:&quot;&quot;},&quot;altImg&quot;:{&quot;url&quot;:&quot;https:\\\/\\\/www.deptagency.com\\\/wp-content\\\/uploads\\\/2025\\\/09\\\/DEPT-Lovie-Awards-2025.webp&quot;,&quot;alt&quot;:&quot;&quot;},&quot;url&quot;:&quot;https:\\\/\\\/www.deptagency.com\\\/latam\\\/insight\\\/dept-obtiene-24-nominaciones-en-los-lovie-awards-2025\\\/&quot;,&quot;title&quot;:&quot;IA, Creatividad, Impacto: DEPT\\u00ae obtiene 24 nominaciones en los Lovie Awards 2025&quot;,&quot;tags&quot;:[&quot;&quot;,&quot;&quot;]},{&quot;postType&quot;:&quot;article&quot;,&quot;id&quot;:4367680,&quot;img&quot;:{&quot;url&quot;:&quot;https:\\\/\\\/www.deptagency.com\\\/wp-content\\\/uploads\\\/2025\\\/11\\\/crm-systems-ai-loyalty.webp&quot;,&quot;alt&quot;:&quot;&quot;},&quot;altImg&quot;:{&quot;url&quot;:&quot;&quot;,&quot;alt&quot;:false},&quot;url&quot;:&quot;https:\\\/\\\/www.deptagency.com\\\/latam\\\/insight\\\/lealtad-planificada-construyendo-sistemas-crm-para-la-era-de-la-ia-personal\\\/&quot;,&quot;title&quot;:&quot;Lealtad, planificada: construyendo sistemas CRM para la era de la IA personal&quot;,&quot;tags&quot;:[&quot;&quot;,&quot;&quot;]}],&quot;whitepaper&quot;:[{&quot;postType&quot;:&quot;whitepaper&quot;,&quot;id&quot;:4367335,&quot;img&quot;:{&quot;url&quot;:&quot;https:\\\/\\\/www.deptagency.com\\\/wp-content\\\/uploads\\\/2025\\\/11\\\/Trends2026_HeroImage.webp&quot;,&quot;alt&quot;:&quot;&quot;},&quot;altImg&quot;:{&quot;url&quot;:&quot;&quot;,&quot;alt&quot;:false},&quot;url&quot;:&quot;https:\\\/\\\/www.deptagency.com\\\/latam\\\/downloads\\\/ahora-y-lo-que-sigue-tendencias-2026-que-impulsan-el-crecimiento\\\/&quot;,&quot;title&quot;:&quot;Ahora y lo que sigue: tendencias 2026 que impulsan el crecimiento&quot;,&quot;tags&quot;:[&quot;&quot;,&quot;&quot;]},{&quot;postType&quot;:&quot;whitepaper&quot;,&quot;id&quot;:4282833,&quot;img&quot;:{&quot;url&quot;:&quot;https:\\\/\\\/www.deptagency.com\\\/wp-content\\\/uploads\\\/2025\\\/02\\\/ai-transformation-trends-technology-report.png&quot;,&quot;alt&quot;:&quot;AI transformation trends for technology leaders&quot;},&quot;altImg&quot;:{&quot;url&quot;:&quot;https:\\\/\\\/www.deptagency.com\\\/wp-content\\\/uploads\\\/2025\\\/02\\\/Trends-report-2025-Featured-image.png&quot;,&quot;alt&quot;:&quot;An image with the text beyond the hype and a grey floating astronaut on top pf a black background, with the DEPT logo&quot;},&quot;url&quot;:&quot;https:\\\/\\\/www.deptagency.com\\\/latam\\\/downloads\\\/mas-alla-del-hype-tendencias-practicas-de-transformacion-con-ia\\\/&quot;,&quot;title&quot;:&quot;M\\u00e1s all\\u00e1 del hype: tendencias pr\\u00e1cticas de transformaci\\u00f3n con IA&quot;,&quot;tags&quot;:[&quot;&quot;,&quot;&quot;]},{&quot;postType&quot;:&quot;whitepaper&quot;,&quot;id&quot;:4291924,&quot;img&quot;:{&quot;url&quot;:&quot;https:\\\/\\\/www.deptagency.com\\\/wp-content\\\/uploads\\\/2025\\\/06\\\/DurableBrandsLATAM.jpg&quot;,&quot;alt&quot;:&quot;Download image for the Durable Brands Playbook for LATAM&quot;},&quot;altImg&quot;:{&quot;url&quot;:&quot;https:\\\/\\\/www.deptagency.com\\\/wp-content\\\/uploads\\\/2025\\\/06\\\/Building-durable-brands-1164x655-1.png&quot;,&quot;alt&quot;:&quot;Building durable brans playbook cover&quot;},&quot;url&quot;:&quot;https:\\\/\\\/www.deptagency.com\\\/latam\\\/downloads\\\/marcas-duraderas-guia-para-lxs-cmo-en-la-era-de-la-ia\\\/&quot;,&quot;title&quot;:&quot;Construir marcas duraderas: gu\\u00eda para lxs CMO en la era de la IA&quot;,&quot;tags&quot;:[&quot;&quot;,&quot;&quot;]}]}\"\n\t\t\t\t><\/div>\n<\/div>","protected":false},"excerpt":{"rendered":"","protected":false},"author":40,"featured_media":4274406,"parent":0,"menu_order":0,"comment_status":"closed","ping_status":"closed","template":"","meta":{"_acf_changed":false,"es_utils_meta_schema":"","member_job_title":"","member_linkedin_url":"","dept_alt_featured_image":[],"dept_algolia_noindex":false,"dept_algolia_featured":false,"footnotes":""},"class_list":["post-4270365","page","type-page","status-publish","has-post-thumbnail","hentry"],"acf":{"dept_is_3q_page":false},"yoast_head":"<!-- This site is optimized with the Yoast SEO plugin v27.3 - https:\/\/yoast.com\/product\/yoast-seo-wordpress\/ -->\n<title>Insights - DEPT\u00ae<\/title>\n<meta name=\"description\" content=\"Mantente al d\u00eda con las \u00faltimas tendencias digitales. Consulta nuestros art\u00edculos, descarga publicaciones o reg\u00edstrate en nuestros eventos.\" \/>\n<meta name=\"robots\" content=\"index, follow, max-snippet:-1, max-image-preview:large, max-video-preview:-1\" \/>\n<link rel=\"canonical\" href=\"https:\/\/www.deptagency.com\/latam\/dept-insights-descargas-y-eventos\/\" \/>\n<meta property=\"og:locale\" content=\"es_ES\" \/>\n<meta property=\"og:type\" content=\"article\" \/>\n<meta property=\"og:title\" content=\"Insights - DEPT\u00ae\" \/>\n<meta property=\"og:description\" content=\"Mantente al d\u00eda con las \u00faltimas tendencias digitales. Consulta nuestros art\u00edculos, descarga publicaciones o reg\u00edstrate en nuestros eventos.\" \/>\n<meta property=\"og:url\" content=\"https:\/\/www.deptagency.com\/latam\/dept-insights-descargas-y-eventos\/\" \/>\n<meta property=\"og:site_name\" content=\"DEPT\u00ae\" \/>\n<meta property=\"article:modified_time\" content=\"2025-12-12T18:54:39+00:00\" \/>\n<meta property=\"og:image\" content=\"https:\/\/www.deptagency.com\/wp-content\/uploads\/2024\/10\/moon-creative-automatiom.jpeg\" \/>\n\t<meta property=\"og:image:width\" content=\"1164\" \/>\n\t<meta property=\"og:image:height\" content=\"655\" \/>\n\t<meta property=\"og:image:type\" content=\"image\/jpeg\" \/>\n<meta name=\"twitter:card\" content=\"summary_large_image\" \/>\n<meta name=\"twitter:label1\" content=\"Est. reading time\" \/>\n\t<meta name=\"twitter:data1\" content=\"1 minute\" \/>\n<script type=\"application\/ld+json\" class=\"yoast-schema-graph\">{\"@context\":\"https:\\\/\\\/schema.org\",\"@graph\":[{\"@type\":\"WebPage\",\"@id\":\"https:\\\/\\\/www.deptagency.com\\\/latam\\\/dept-insights-descargas-y-eventos\\\/\",\"url\":\"https:\\\/\\\/www.deptagency.com\\\/latam\\\/dept-insights-descargas-y-eventos\\\/\",\"name\":\"Insights - DEPT\u00ae\",\"isPartOf\":{\"@id\":\"https:\\\/\\\/www.deptagency.com\\\/en-uki\\\/#website\"},\"primaryImageOfPage\":{\"@id\":\"https:\\\/\\\/www.deptagency.com\\\/latam\\\/dept-insights-descargas-y-eventos\\\/#primaryimage\"},\"image\":{\"@id\":\"https:\\\/\\\/www.deptagency.com\\\/latam\\\/dept-insights-descargas-y-eventos\\\/#primaryimage\"},\"thumbnailUrl\":\"https:\\\/\\\/www.deptagency.com\\\/wp-content\\\/uploads\\\/2024\\\/10\\\/moon-creative-automatiom.jpeg\",\"datePublished\":\"2021-04-09T07:25:45+00:00\",\"dateModified\":\"2025-12-12T18:54:39+00:00\",\"description\":\"Mantente al d\u00eda con las \u00faltimas tendencias digitales. Consulta nuestros art\u00edculos, descarga publicaciones o reg\u00edstrate en nuestros eventos.\",\"breadcrumb\":{\"@id\":\"https:\\\/\\\/www.deptagency.com\\\/latam\\\/dept-insights-descargas-y-eventos\\\/#breadcrumb\"},\"inLanguage\":\"es-LATAM\",\"potentialAction\":[{\"@type\":\"ReadAction\",\"target\":[\"https:\\\/\\\/www.deptagency.com\\\/latam\\\/dept-insights-descargas-y-eventos\\\/\"]}]},{\"@type\":\"ImageObject\",\"inLanguage\":\"es-LATAM\",\"@id\":\"https:\\\/\\\/www.deptagency.com\\\/latam\\\/dept-insights-descargas-y-eventos\\\/#primaryimage\",\"url\":\"https:\\\/\\\/www.deptagency.com\\\/wp-content\\\/uploads\\\/2024\\\/10\\\/moon-creative-automatiom.jpeg\",\"contentUrl\":\"https:\\\/\\\/www.deptagency.com\\\/wp-content\\\/uploads\\\/2024\\\/10\\\/moon-creative-automatiom.jpeg\",\"width\":1164,\"height\":655},{\"@type\":\"BreadcrumbList\",\"@id\":\"https:\\\/\\\/www.deptagency.com\\\/latam\\\/dept-insights-descargas-y-eventos\\\/#breadcrumb\",\"itemListElement\":[{\"@type\":\"ListItem\",\"position\":1,\"name\":\"Home\",\"item\":\"https:\\\/\\\/www.deptagency.com\\\/latam\\\/\"},{\"@type\":\"ListItem\",\"position\":2,\"name\":\"Insights\"}]},{\"@type\":\"WebSite\",\"@id\":\"https:\\\/\\\/www.deptagency.com\\\/en-uki\\\/#website\",\"url\":\"https:\\\/\\\/www.deptagency.com\\\/en-uki\\\/\",\"name\":\"DEPT\u00ae\",\"description\":\"\",\"potentialAction\":[{\"@type\":\"SearchAction\",\"target\":{\"@type\":\"EntryPoint\",\"urlTemplate\":\"https:\\\/\\\/www.deptagency.com\\\/en-uki\\\/?s={search_term_string}\"},\"query-input\":{\"@type\":\"PropertyValueSpecification\",\"valueRequired\":true,\"valueName\":\"search_term_string\"}}],\"inLanguage\":\"es-LATAM\"}]}<\/script>\n<!-- \/ Yoast SEO plugin. -->","yoast_head_json":{"title":"Insights - DEPT\u00ae","description":"Mantente al d\u00eda con las \u00faltimas tendencias digitales. Consulta nuestros art\u00edculos, descarga publicaciones o reg\u00edstrate en nuestros eventos.","robots":{"index":"index","follow":"follow","max-snippet":"max-snippet:-1","max-image-preview":"max-image-preview:large","max-video-preview":"max-video-preview:-1"},"canonical":"https:\/\/www.deptagency.com\/latam\/dept-insights-descargas-y-eventos\/","og_locale":"es_ES","og_type":"article","og_title":"Insights - DEPT\u00ae","og_description":"Mantente al d\u00eda con las \u00faltimas tendencias digitales. Consulta nuestros art\u00edculos, descarga publicaciones o reg\u00edstrate en nuestros eventos.","og_url":"https:\/\/www.deptagency.com\/latam\/dept-insights-descargas-y-eventos\/","og_site_name":"DEPT\u00ae","article_modified_time":"2025-12-12T18:54:39+00:00","og_image":[{"width":1164,"height":655,"url":"https:\/\/www.deptagency.com\/wp-content\/uploads\/2024\/10\/moon-creative-automatiom.jpeg","type":"image\/jpeg"}],"twitter_card":"summary_large_image","twitter_misc":{"Est. reading time":"1 minute"},"schema":{"@context":"https:\/\/schema.org","@graph":[{"@type":"WebPage","@id":"https:\/\/www.deptagency.com\/latam\/dept-insights-descargas-y-eventos\/","url":"https:\/\/www.deptagency.com\/latam\/dept-insights-descargas-y-eventos\/","name":"Insights - DEPT\u00ae","isPartOf":{"@id":"https:\/\/www.deptagency.com\/en-uki\/#website"},"primaryImageOfPage":{"@id":"https:\/\/www.deptagency.com\/latam\/dept-insights-descargas-y-eventos\/#primaryimage"},"image":{"@id":"https:\/\/www.deptagency.com\/latam\/dept-insights-descargas-y-eventos\/#primaryimage"},"thumbnailUrl":"https:\/\/www.deptagency.com\/wp-content\/uploads\/2024\/10\/moon-creative-automatiom.jpeg","datePublished":"2021-04-09T07:25:45+00:00","dateModified":"2025-12-12T18:54:39+00:00","description":"Mantente al d\u00eda con las \u00faltimas tendencias digitales. Consulta nuestros art\u00edculos, descarga publicaciones o reg\u00edstrate en nuestros eventos.","breadcrumb":{"@id":"https:\/\/www.deptagency.com\/latam\/dept-insights-descargas-y-eventos\/#breadcrumb"},"inLanguage":"es-LATAM","potentialAction":[{"@type":"ReadAction","target":["https:\/\/www.deptagency.com\/latam\/dept-insights-descargas-y-eventos\/"]}]},{"@type":"ImageObject","inLanguage":"es-LATAM","@id":"https:\/\/www.deptagency.com\/latam\/dept-insights-descargas-y-eventos\/#primaryimage","url":"https:\/\/www.deptagency.com\/wp-content\/uploads\/2024\/10\/moon-creative-automatiom.jpeg","contentUrl":"https:\/\/www.deptagency.com\/wp-content\/uploads\/2024\/10\/moon-creative-automatiom.jpeg","width":1164,"height":655},{"@type":"BreadcrumbList","@id":"https:\/\/www.deptagency.com\/latam\/dept-insights-descargas-y-eventos\/#breadcrumb","itemListElement":[{"@type":"ListItem","position":1,"name":"Home","item":"https:\/\/www.deptagency.com\/latam\/"},{"@type":"ListItem","position":2,"name":"Insights"}]},{"@type":"WebSite","@id":"https:\/\/www.deptagency.com\/en-uki\/#website","url":"https:\/\/www.deptagency.com\/en-uki\/","name":"DEPT\u00ae","description":"","potentialAction":[{"@type":"SearchAction","target":{"@type":"EntryPoint","urlTemplate":"https:\/\/www.deptagency.com\/en-uki\/?s={search_term_string}"},"query-input":{"@type":"PropertyValueSpecification","valueRequired":true,"valueName":"search_term_string"}}],"inLanguage":"es-LATAM"}]}},"_links":{"self":[{"href":"https:\/\/www.deptagency.com\/latam\/wp-json\/wp\/v2\/pages\/4270365","targetHints":{"allow":["GET"]}}],"collection":[{"href":"https:\/\/www.deptagency.com\/latam\/wp-json\/wp\/v2\/pages"}],"about":[{"href":"https:\/\/www.deptagency.com\/latam\/wp-json\/wp\/v2\/types\/page"}],"author":[{"embeddable":true,"href":"https:\/\/www.deptagency.com\/latam\/wp-json\/wp\/v2\/users\/40"}],"replies":[{"embeddable":true,"href":"https:\/\/www.deptagency.com\/latam\/wp-json\/wp\/v2\/comments?post=4270365"}],"version-history":[{"count":10,"href":"https:\/\/www.deptagency.com\/latam\/wp-json\/wp\/v2\/pages\/4270365\/revisions"}],"predecessor-version":[{"id":4419907,"href":"https:\/\/www.deptagency.com\/latam\/wp-json\/wp\/v2\/pages\/4270365\/revisions\/4419907"}],"wp:featuredmedia":[{"embeddable":true,"href":"https:\/\/www.deptagency.com\/latam\/wp-json\/wp\/v2\/media\/4274406"}],"wp:attachment":[{"href":"https:\/\/www.deptagency.com\/latam\/wp-json\/wp\/v2\/media?parent=4270365"}],"curies":[{"name":"wp","href":"https:\/\/api.w.org\/{rel}","templated":true}]}}