{"id":4270336,"date":"2024-09-10T14:08:52","date_gmt":"2024-09-10T12:08:52","guid":{"rendered":"https:\/\/www.deptagency.com\/soluciones\/"},"modified":"2025-10-31T20:27:36","modified_gmt":"2025-10-31T18:27:36","slug":"soluciones","status":"publish","type":"page","link":"https:\/\/www.deptagency.com\/latam\/soluciones\/","title":{"rendered":"Soluciones"},"content":{"rendered":"<div class=\"block-talking-points\">\n\t<h2\tclass=\"text text-sans-112 block-talking-points__title is-bold-sans\"\n\tdata-animation=\"slide\" data-animation-target=\"words\" ><span class=\"is-fancy-serif\">Desaf\u00edos<\/span> que ayudamos a resolver<\/h2><p\tclass=\"text text-sans-28 block-talking-points__subtitle\"\n\tdata-animation=\"slide\" data-animation-target=\"paragraphs\" data-animation-stagger=\"0.01\" >Con soluciones digitales end-to-end en tecnolog\u00eda y marketing<\/p>\n\t<ul\n\t\tclass=\"block-talking-points__items\"\n\t\tdata-animation=\"slide-fade\"\n\t\tdata-animation-target=\"inner-items\"\n\t\tdata-animation-delay=\"0.15\"\n\t\tdata-animation-stagger=\"0.15\"\n\t>\n\t\t\t\t\t\t<li>\n\t\t\t\t\t<a href=\"https:\/\/www.deptagency.com\/es-ar\/soluciones\/marca-y-medios\/\" class=\"block-talking-points__item\">\n\t\t\t\t\t\t<span class=\"text-sans-20-24 is-bold-sans block-talking-points__item-number\">\n\t\t\t\t\t\t\t01\t\t\t\t\t\t<\/span>\n\n\t\t\t\t\t\t<div class=\"text-sans-24-32 block-talking-points__item-title\">\n\t\t\t\t\t\t\t<span class=\"block-talking-points__item-text\">\n\t\t\t\t\t\t\t\tLiderar a trav\u00e9s de la marca y los medios\t\t\t\t\t\t\t<\/span>\n\t\t\t\t\t\t\t<div class=\"is-fancy-serif block-talking-points__items-hover-container\">\n\t\t\t\t\t\t\t\t<span class=\"is-fancy-serif\">Haz que tu marca sea inolvidable<\/span>\t\t\t\t\t\t\t\t\t\t\t\t\t\t\t\t\t<div class=\"block-talking-points__item-image-container\">\n\t\t\t\t\t\t\t\t\t\t<img decoding=\"async\" class=\"block-talking-points__item-image\" src=\"https:\/\/www.deptagency.com\/wp-content\/uploads\/2024\/09\/Boost-Brand-Media.png\" alt=\"\">\n\t\t\t\t\t\t\t\t\t<\/div>\n\t\t\t\t\t\t\t\t\t\t\t\t\t\t\t<\/div>\n\t\t\t\t\t\t<\/div>\n\n\t\t\t\t\t\t<svg class=\"block-talking-points__item-arrow\" width='17' height='16' viewBox='0 0 17 16' fill='none' xmlns='http:\/\/www.w3.org\/2000\/svg' role=\"presentation\">\n\t\t\t\t\t\t\t<path d='M0.276367 9.01565V6.87304H13.6607L10.1546 1.19652L12.1581 0L16.9998 7.95826L12.1303 16L10.1268 14.7757L13.6607 9.01565H0.276367Z' fill='currentColor' \/>\n\t\t\t\t\t\t<\/svg>\n\t\t\t\t\t<\/a>\n\t\t\t\t<\/li>\n\t\t\t\t\t\t\t<li>\n\t\t\t\t\t<a href=\"https:\/\/www.deptagency.com\/es-ar\/soluciones\/experiencia-del-cliente\/\" class=\"block-talking-points__item\">\n\t\t\t\t\t\t<span class=\"text-sans-20-24 is-bold-sans block-talking-points__item-number\">\n\t\t\t\t\t\t\t02\t\t\t\t\t\t<\/span>\n\n\t\t\t\t\t\t<div class=\"text-sans-24-32 block-talking-points__item-title\">\n\t\t\t\t\t\t\t<span class=\"block-talking-points__item-text\">\n\t\t\t\t\t\t\t\tMejorar la experiencia del cliente\t\t\t\t\t\t\t<\/span>\n\t\t\t\t\t\t\t<div class=\"is-fancy-serif block-talking-points__items-hover-container\">\n\t\t\t\t\t\t\t\t<span class=\"is-fancy-serif\">Aseg\u00farate que m\u00e1s personas pasen tiempo contigo<br><\/span><div><span style=\"font-size: 12px;letter-spacing: normal\"><\/span><\/div>\t\t\t\t\t\t\t\t\t\t\t\t\t\t\t\t\t<div class=\"block-talking-points__item-image-container\">\n\t\t\t\t\t\t\t\t\t\t<img decoding=\"async\" class=\"block-talking-points__item-image\" src=\"https:\/\/www.deptagency.com\/wp-content\/uploads\/2024\/09\/Enhance-Customer-Experience.png\" alt=\"\">\n\t\t\t\t\t\t\t\t\t<\/div>\n\t\t\t\t\t\t\t\t\t\t\t\t\t\t\t<\/div>\n\t\t\t\t\t\t<\/div>\n\n\t\t\t\t\t\t<svg class=\"block-talking-points__item-arrow\" width='17' height='16' viewBox='0 0 17 16' fill='none' xmlns='http:\/\/www.w3.org\/2000\/svg' role=\"presentation\">\n\t\t\t\t\t\t\t<path d='M0.276367 9.01565V6.87304H13.6607L10.1546 1.19652L12.1581 0L16.9998 7.95826L12.1303 16L10.1268 14.7757L13.6607 9.01565H0.276367Z' fill='currentColor' \/>\n\t\t\t\t\t\t<\/svg>\n\t\t\t\t\t<\/a>\n\t\t\t\t<\/li>\n\t\t\t\t\t\t\t<li>\n\t\t\t\t\t<a href=\"https:\/\/www.deptagency.com\/es-ar\/soluciones\/commerce\/\" class=\"block-talking-points__item\">\n\t\t\t\t\t\t<span class=\"text-sans-20-24 is-bold-sans block-talking-points__item-number\">\n\t\t\t\t\t\t\t03\t\t\t\t\t\t<\/span>\n\n\t\t\t\t\t\t<div class=\"text-sans-24-32 block-talking-points__item-title\">\n\t\t\t\t\t\t\t<span class=\"block-talking-points__item-text\">\n\t\t\t\t\t\t\t\tImpulsar el crecimiento comercial\t\t\t\t\t\t\t<\/span>\n\t\t\t\t\t\t\t<div class=\"is-fancy-serif block-talking-points__items-hover-container\">\n\t\t\t\t\t\t\t\t<span class=\"is-fancy-serif\">Haz que sea sencillo comprar lo que ofreces<\/span>\t\t\t\t\t\t\t\t\t\t\t\t\t\t\t\t\t<div class=\"block-talking-points__item-image-container\">\n\t\t\t\t\t\t\t\t\t\t<img decoding=\"async\" class=\"block-talking-points__item-image\" src=\"https:\/\/www.deptagency.com\/wp-content\/uploads\/2024\/09\/Drive-Commerce-Growth.png\" alt=\"\">\n\t\t\t\t\t\t\t\t\t<\/div>\n\t\t\t\t\t\t\t\t\t\t\t\t\t\t\t<\/div>\n\t\t\t\t\t\t<\/div>\n\n\t\t\t\t\t\t<svg class=\"block-talking-points__item-arrow\" width='17' height='16' viewBox='0 0 17 16' fill='none' xmlns='http:\/\/www.w3.org\/2000\/svg' role=\"presentation\">\n\t\t\t\t\t\t\t<path d='M0.276367 9.01565V6.87304H13.6607L10.1546 1.19652L12.1581 0L16.9998 7.95826L12.1303 16L10.1268 14.7757L13.6607 9.01565H0.276367Z' fill='currentColor' \/>\n\t\t\t\t\t\t<\/svg>\n\t\t\t\t\t<\/a>\n\t\t\t\t<\/li>\n\t\t\t\t\t\t\t<li>\n\t\t\t\t\t<a href=\"https:\/\/www.deptagency.com\/es-ar\/soluciones\/tecnologia-y-datos\/\" class=\"block-talking-points__item\">\n\t\t\t\t\t\t<span class=\"text-sans-20-24 is-bold-sans block-talking-points__item-number\">\n\t\t\t\t\t\t\t04\t\t\t\t\t\t<\/span>\n\n\t\t\t\t\t\t<div class=\"text-sans-24-32 block-talking-points__item-title\">\n\t\t\t\t\t\t\t<span class=\"block-talking-points__item-text\">\n\t\t\t\t\t\t\t\tEscalar tecnolog\u00eda y datos\t\t\t\t\t\t\t<\/span>\n\t\t\t\t\t\t\t<div class=\"is-fancy-serif block-talking-points__items-hover-container\">\n\t\t\t\t\t\t\t\t<span class=\"is-fancy-serif\">Prep\u00e1rate para lxs clientxs de ma\u00f1ana<\/span>\t\t\t\t\t\t\t\t\t\t\t\t\t\t\t\t\t<div class=\"block-talking-points__item-image-container\">\n\t\t\t\t\t\t\t\t\t\t<img decoding=\"async\" class=\"block-talking-points__item-image\" src=\"https:\/\/www.deptagency.com\/wp-content\/uploads\/2024\/09\/Scale-Technology-and-Data.png\" alt=\"\">\n\t\t\t\t\t\t\t\t\t<\/div>\n\t\t\t\t\t\t\t\t\t\t\t\t\t\t\t<\/div>\n\t\t\t\t\t\t<\/div>\n\n\t\t\t\t\t\t<svg class=\"block-talking-points__item-arrow\" width='17' height='16' viewBox='0 0 17 16' fill='none' xmlns='http:\/\/www.w3.org\/2000\/svg' role=\"presentation\">\n\t\t\t\t\t\t\t<path d='M0.276367 9.01565V6.87304H13.6607L10.1546 1.19652L12.1581 0L16.9998 7.95826L12.1303 16L10.1268 14.7757L13.6607 9.01565H0.276367Z' fill='currentColor' \/>\n\t\t\t\t\t\t<\/svg>\n\t\t\t\t\t<\/a>\n\t\t\t\t<\/li>\n\t\t\t\t\t\t\t<li>\n\t\t\t\t\t<a href=\"https:\/\/www.deptagency.com\/es-ar\/soluciones\/transformacion-con-ia\/\" class=\"block-talking-points__item\">\n\t\t\t\t\t\t<span class=\"text-sans-20-24 is-bold-sans block-talking-points__item-number\">\n\t\t\t\t\t\t\t05\t\t\t\t\t\t<\/span>\n\n\t\t\t\t\t\t<div class=\"text-sans-24-32 block-talking-points__item-title\">\n\t\t\t\t\t\t\t<span class=\"block-talking-points__item-text\">\n\t\t\t\t\t\t\t\tTransformar con IA\t\t\t\t\t\t\t<\/span>\n\t\t\t\t\t\t\t<div class=\"is-fancy-serif block-talking-points__items-hover-container\">\n\t\t\t\t\t\t\t\t<span class=\"is-fancy-serif\">Desata el verdadero poder de la IA<\/span>\t\t\t\t\t\t\t\t\t\t\t\t\t\t\t\t\t<div class=\"block-talking-points__item-image-container\">\n\t\t\t\t\t\t\t\t\t\t<img decoding=\"async\" class=\"block-talking-points__item-image\" src=\"https:\/\/www.deptagency.com\/wp-content\/uploads\/2024\/10\/Ai-transformation-subsolution.png\" alt=\"\">\n\t\t\t\t\t\t\t\t\t<\/div>\n\t\t\t\t\t\t\t\t\t\t\t\t\t\t\t<\/div>\n\t\t\t\t\t\t<\/div>\n\n\t\t\t\t\t\t<svg class=\"block-talking-points__item-arrow\" width='17' height='16' viewBox='0 0 17 16' fill='none' xmlns='http:\/\/www.w3.org\/2000\/svg' role=\"presentation\">\n\t\t\t\t\t\t\t<path d='M0.276367 9.01565V6.87304H13.6607L10.1546 1.19652L12.1581 0L16.9998 7.95826L12.1303 16L10.1268 14.7757L13.6607 9.01565H0.276367Z' fill='currentColor' \/>\n\t\t\t\t\t\t<\/svg>\n\t\t\t\t\t<\/a>\n\t\t\t\t<\/li>\n\t\t\t\t<\/ul>\n<\/div>\n\n<div class=\"block-highlighted-logos\" style=\"--logo-count: 5\">\n\t<div class=\"block-highlighted-logos__title-wrap\">\n\t\t<h2\tclass=\"text text-sans-48 block-highlighted-logos__title is-bold-sans\"\n\tdata-animation=\"slide\" data-animation-target=\"words\" ><span class=\"is-fancy-serif\">Marcas<\/span><br>con las que trabajamos<\/h2>\t<\/div>\n\n\t<div\n\t\tclass=\"block-highlighted-logos__images\"\n\t\tdata-animation=\"scale-fade\"\n\t\tdata-animation-target=\"inner-items\"\n\t\tdata-animation-delay=\"0.15\"\n\t\tdata-animation-stagger=\"0.15\">\n\t\t\t\t\t<img\n\t\t\t\tclass=\"block-highlighted-logos__image\"\n\t\t\t\tsrc=\"https:\/\/www.deptagency.com\/wp-content\/uploads\/2024\/09\/apple.svg\"\n\t\t\t\talt=\"Apple logo\">\n\t\t\t\t\t<img\n\t\t\t\tclass=\"block-highlighted-logos__image\"\n\t\t\t\tsrc=\"https:\/\/www.deptagency.com\/wp-content\/uploads\/2024\/09\/audi.svg\"\n\t\t\t\talt=\"AUDI logo\">\n\t\t\t\t\t<img\n\t\t\t\tclass=\"block-highlighted-logos__image\"\n\t\t\t\tsrc=\"https:\/\/www.deptagency.com\/wp-content\/uploads\/2024\/09\/Disney-2.svg\"\n\t\t\t\talt=\"Disney logo\">\n\t\t\t\t\t<img\n\t\t\t\tclass=\"block-highlighted-logos__image\"\n\t\t\t\tsrc=\"https:\/\/www.deptagency.com\/wp-content\/uploads\/2024\/09\/Google-2.svg\"\n\t\t\t\talt=\"Google logo\">\n\t\t\t\t\t<img\n\t\t\t\tclass=\"block-highlighted-logos__image\"\n\t\t\t\tsrc=\"https:\/\/www.deptagency.com\/wp-content\/uploads\/2024\/09\/gucci.svg\"\n\t\t\t\talt=\"GUCCI logo\">\n\t\t\t\t\t<img\n\t\t\t\tclass=\"block-highlighted-logos__image\"\n\t\t\t\tsrc=\"https:\/\/www.deptagency.com\/wp-content\/uploads\/2024\/09\/moodys.svg\"\n\t\t\t\talt=\"Moodys logo\">\n\t\t\t\t\t<img\n\t\t\t\tclass=\"block-highlighted-logos__image\"\n\t\t\t\tsrc=\"https:\/\/www.deptagency.com\/wp-content\/uploads\/2024\/09\/nasa.svg\"\n\t\t\t\talt=\"NASA logo\">\n\t\t\t\t\t<img\n\t\t\t\tclass=\"block-highlighted-logos__image\"\n\t\t\t\tsrc=\"https:\/\/www.deptagency.com\/wp-content\/uploads\/2024\/09\/netflix.svg\"\n\t\t\t\talt=\"NEtflix logo\">\n\t\t\t\t\t<img\n\t\t\t\tclass=\"block-highlighted-logos__image\"\n\t\t\t\tsrc=\"https:\/\/www.deptagency.com\/wp-content\/uploads\/2024\/09\/patagonia.svg\"\n\t\t\t\talt=\"Patagonia logo\">\n\t\t\t\t\t<img\n\t\t\t\tclass=\"block-highlighted-logos__image is-desktop-only\"\n\t\t\t\tsrc=\"https:\/\/www.deptagency.com\/wp-content\/uploads\/2024\/09\/philips.svg\"\n\t\t\t\talt=\"Phillips logo\">\n\t\t\t<\/div>\n<\/div>\n\n<div class=\"block-work-listing has-top-border\">\n\t<div class=\"block-work-listing__title-wrap\">\n\t\t<h2\tclass=\"text text-sans-112 block-work-listing__title is-bold-sans\"\n\tdata-animation=\"slide\" data-animation-target=\"words\" data-animation-stagger=\"0.015\" ><span class=\"is-bold-sans\">PROYECTOS<\/span><\/h2>\t<\/div>\n\t<a\tclass=\"button-v2 text-sans-16 is-outline block-work-listing__cta\" data-animation=\"slide-fade\" data-animation-delay=\"0.75\" href=\"https:\/\/www.deptagency.com\/es-ar\/proyectos\/\" target=\"_blank\" rel=\"&quot;noopener noreferrer&quot;\" >\n\tVer todos los proyectos<\/a>\n\t<div\n\t\tclass=\"block-work-listing__items\"\n\t\tdata-animation=\"fade\"\n\t\tdata-animation-target=\"inner-items-separate\"\n\t\tdata-animation-delay=\"0.25\"\n\t\tdata-animation-stagger=\"0.1\">\n\t\t<a\n\tclass=\"listing-card is-seven-four\" href=\"https:\/\/www.deptagency.com\/es-ar\/case\/trayendo-alegria-con-una-dupla-inesperada\/\" >\n\t\t\t<div class=\"listing-card__media-container\">\n\t\t\t<video\n\t\t\t\tautoplay\n\t\t\t\tmuted\n\t\t\t\tdisablepictureinpicture\n\t\t\t\tdisableremoteplayback\n\t\t\t\tplaysinline\n\t\t\t\tloop\n\t\t\t\tcontrolslist=\"nodownload nofullscreen noremoteplayback\"\n\t\t\t\tclass=\"listing-card__video\"\n\t\t\t\tsrc=\"https:\/\/www.deptagency.com\/wp-content\/uploads\/2024\/07\/JustEat.mp4\"\n\t\t\t\taria-hidden=\"true\"\n\t\t\t><\/video>\n\t\t\t\t\t\t\t<div class=\"listing-card__hover-card\" style=\"--background: #FF8000\" role=\"presentation\">\n\t\t\t\t\t<p class=\"listing-card__hover-card-title\"><span>Trayendo alegr\u00eda con una dupla inesperada<\/span><\/p>\n\t\t\t\t\t<p class=\"listing-card__hover-card-tag text-sans-16\">View Work<\/p>\n\t\t\t\t<\/div>\n\t\t\t\t\t<\/div>\n\t\n\t\n\t<div class=\"listing-card__meta\">\n\t\t<p\tclass=\"text text-sans-20 listing-card__title is-bold-sans\"\n\t>Just Eat Takeaway.com<\/p>\n\t\t<ul class=\"listing-card__tags\" role=\"presentation\">\n\t\t\t<li\tclass=\"listing-card__tag\" >\n\t<span aria-hidden='true'>(<\/span>&nbsp;<span><\/span>&nbsp;<span aria-hidden='true'>)<\/span><\/li><li\tclass=\"listing-card__tag\" >\n\t<span aria-hidden='true'>(<\/span>&nbsp;<span>Agriculture &amp; Food<\/span>&nbsp;<span aria-hidden='true'>)<\/span><\/li>\t\t<\/ul>\n\t<\/div>\n\n\t\t\t<label class=\"listing-card__toggle\">\n\t\t\t<input type=\"checkbox\" aria-label=\"Post details\">\n\t\t\t<svg width=\"24\" height=\"25\" viewBox=\"0 0 24 25\" fill=\"none\" xmlns=\"http:\/\/www.w3.org\/2000\/svg\">\n\t\t\t\t<circle cx=\"12\" cy=\"12.8193\" r=\"11.5\" stroke=\"currentColor\"\/>\n\t\t\t\t\t\t\t\t<path fill-rule=\"evenodd\" clip-rule=\"evenodd\" d=\"M12.5714 7.50209C12.5714 7.1865 12.3156 6.93066 12 6.93066C11.6844 6.93066 11.4286 7.1865 11.4286 7.50209V12.3592H6.57143C6.25584 12.3592 6 12.6151 6 12.9307C6 13.2463 6.25584 13.5021 6.57143 13.5021H11.4286V18.3592C11.4286 18.6748 11.6844 18.9307 12 18.9307C12.3156 18.9307 12.5714 18.6748 12.5714 18.3592V13.5021H17.4286C17.7441 13.5021 18 13.2463 18 12.9307C18 12.6151 17.7441 12.3592 17.4286 12.3592H12.5714V7.50209Z\" fill=\"currentColor\"\/>\n\t\t\t<\/svg>\n\t\t<\/label>\n\t<\/a><a\n\tclass=\"listing-card is-three-two\" href=\"https:\/\/www.deptagency.com\/case\/convirtiendo-nada-que-ponerse-en-algo-que-amar\/\" >\n\t\t\t<div class=\"listing-card__media-container\">\n\t\t\t<video\n\t\t\t\tautoplay\n\t\t\t\tmuted\n\t\t\t\tdisablepictureinpicture\n\t\t\t\tdisableremoteplayback\n\t\t\t\tplaysinline\n\t\t\t\tloop\n\t\t\t\tcontrolslist=\"nodownload nofullscreen noremoteplayback\"\n\t\t\t\tclass=\"listing-card__video\"\n\t\t\t\tsrc=\"https:\/\/www.deptagency.com\/wp-content\/uploads\/2024\/09\/eBay_Fashion_NothingToWear_Womenswear_30_PR.mov\"\n\t\t\t\taria-hidden=\"true\"\n\t\t\t><\/video>\n\t\t\t\t\t\t\t<div class=\"listing-card__hover-card\" style=\"--background: #E53338\" role=\"presentation\">\n\t\t\t\t\t<p class=\"listing-card__hover-card-title\"><span>Convirtiendo nada que ponerse en algo que amar<\/span><\/p>\n\t\t\t\t\t<p class=\"listing-card__hover-card-tag text-sans-16\">View Work<\/p>\n\t\t\t\t<\/div>\n\t\t\t\t\t<\/div>\n\t\n\t\n\t<div class=\"listing-card__meta\">\n\t\t<p\tclass=\"text text-sans-20 listing-card__title is-bold-sans\"\n\t>eBay<\/p>\n\t\t<ul class=\"listing-card__tags\" role=\"presentation\">\n\t\t\t<li\tclass=\"listing-card__tag\" >\n\t<span aria-hidden='true'>(<\/span>&nbsp;<span><\/span>&nbsp;<span aria-hidden='true'>)<\/span><\/li><li\tclass=\"listing-card__tag\" >\n\t<span aria-hidden='true'>(<\/span>&nbsp;<span><\/span>&nbsp;<span aria-hidden='true'>)<\/span><\/li>\t\t<\/ul>\n\t<\/div>\n\n\t\t\t<label class=\"listing-card__toggle\">\n\t\t\t<input type=\"checkbox\" aria-label=\"Post details\">\n\t\t\t<svg width=\"24\" height=\"25\" viewBox=\"0 0 24 25\" fill=\"none\" xmlns=\"http:\/\/www.w3.org\/2000\/svg\">\n\t\t\t\t<circle cx=\"12\" cy=\"12.8193\" r=\"11.5\" stroke=\"currentColor\"\/>\n\t\t\t\t\t\t\t\t<path fill-rule=\"evenodd\" clip-rule=\"evenodd\" d=\"M12.5714 7.50209C12.5714 7.1865 12.3156 6.93066 12 6.93066C11.6844 6.93066 11.4286 7.1865 11.4286 7.50209V12.3592H6.57143C6.25584 12.3592 6 12.6151 6 12.9307C6 13.2463 6.25584 13.5021 6.57143 13.5021H11.4286V18.3592C11.4286 18.6748 11.6844 18.9307 12 18.9307C12.3156 18.9307 12.5714 18.6748 12.5714 18.3592V13.5021H17.4286C17.7441 13.5021 18 13.2463 18 12.9307C18 12.6151 17.7441 12.3592 17.4286 12.3592H12.5714V7.50209Z\" fill=\"currentColor\"\/>\n\t\t\t<\/svg>\n\t\t<\/label>\n\t<\/a><a\n\tclass=\"listing-card is-square\" href=\"https:\/\/www.deptagency.com\/es-ar\/case\/llevar-lo-mejor-de-google-a-todo-el-mundo\/\" >\n\t\t\t<div class=\"listing-card__media-container\">\n\t\t\t<video\n\t\t\t\tautoplay\n\t\t\t\tmuted\n\t\t\t\tdisablepictureinpicture\n\t\t\t\tdisableremoteplayback\n\t\t\t\tplaysinline\n\t\t\t\tloop\n\t\t\t\tcontrolslist=\"nodownload nofullscreen noremoteplayback\"\n\t\t\t\tclass=\"listing-card__video\"\n\t\t\t\tsrc=\"https:\/\/www.deptagency.com\/wp-content\/uploads\/2024\/09\/Google.mp4\"\n\t\t\t\taria-hidden=\"true\"\n\t\t\t><\/video>\n\t\t\t\t\t\t\t<div class=\"listing-card__hover-card\" style=\"--background: #4285F4\" role=\"presentation\">\n\t\t\t\t\t<p class=\"listing-card__hover-card-title\"><span>Llevar lo mejor de Google a todo el mundo<\/span><\/p>\n\t\t\t\t\t<p class=\"listing-card__hover-card-tag text-sans-16\">View Work<\/p>\n\t\t\t\t<\/div>\n\t\t\t\t\t<\/div>\n\t\n\t\n\t<div class=\"listing-card__meta\">\n\t\t<p\tclass=\"text text-sans-20 listing-card__title is-bold-sans\"\n\t>Google<\/p>\n\t\t<ul class=\"listing-card__tags\" role=\"presentation\">\n\t\t\t<li\tclass=\"listing-card__tag\" >\n\t<span aria-hidden='true'>(<\/span>&nbsp;<span>Customer Experience<\/span>&nbsp;<span aria-hidden='true'>)<\/span><\/li><li\tclass=\"listing-card__tag\" >\n\t<span aria-hidden='true'>(<\/span>&nbsp;<span><\/span>&nbsp;<span aria-hidden='true'>)<\/span><\/li>\t\t<\/ul>\n\t<\/div>\n\n\t\t\t<label class=\"listing-card__toggle\">\n\t\t\t<input type=\"checkbox\" aria-label=\"Post details\">\n\t\t\t<svg width=\"24\" height=\"25\" viewBox=\"0 0 24 25\" fill=\"none\" xmlns=\"http:\/\/www.w3.org\/2000\/svg\">\n\t\t\t\t<circle cx=\"12\" cy=\"12.8193\" r=\"11.5\" stroke=\"currentColor\"\/>\n\t\t\t\t\t\t\t\t<path fill-rule=\"evenodd\" clip-rule=\"evenodd\" d=\"M12.5714 7.50209C12.5714 7.1865 12.3156 6.93066 12 6.93066C11.6844 6.93066 11.4286 7.1865 11.4286 7.50209V12.3592H6.57143C6.25584 12.3592 6 12.6151 6 12.9307C6 13.2463 6.25584 13.5021 6.57143 13.5021H11.4286V18.3592C11.4286 18.6748 11.6844 18.9307 12 18.9307C12.3156 18.9307 12.5714 18.6748 12.5714 18.3592V13.5021H17.4286C17.7441 13.5021 18 13.2463 18 12.9307C18 12.6151 17.7441 12.3592 17.4286 12.3592H12.5714V7.50209Z\" fill=\"currentColor\"\/>\n\t\t\t<\/svg>\n\t\t<\/label>\n\t<\/a>\t<\/div>\n<\/div>","protected":false},"excerpt":{"rendered":"","protected":false},"author":40,"featured_media":4270337,"parent":0,"menu_order":0,"comment_status":"closed","ping_status":"closed","template":"","meta":{"_acf_changed":false,"es_utils_meta_schema":"","member_job_title":"","member_linkedin_url":"","dept_alt_featured_image":[],"dept_algolia_noindex":false,"dept_algolia_featured":false,"footnotes":""},"class_list":["post-4270336","page","type-page","status-publish","has-post-thumbnail","hentry"],"acf":{"dept_is_3q_page":false},"yoast_head":"<!-- This site is optimized with the Yoast SEO plugin v27.3 - https:\/\/yoast.com\/product\/yoast-seo-wordpress\/ -->\n<title>Soluciones - DEPT\u00ae<\/title>\n<meta name=\"description\" content=\"DEPT\u00ae ofrece soluciones digitales integrales en tecnolog\u00eda y marketing. Descubre c\u00f3mo podemos ayudarte a resolver tus desaf\u00edos.\" \/>\n<meta name=\"robots\" content=\"index, follow, max-snippet:-1, max-image-preview:large, max-video-preview:-1\" \/>\n<link rel=\"canonical\" href=\"https:\/\/www.deptagency.com\/latam\/soluciones\/\" \/>\n<meta property=\"og:locale\" content=\"es_ES\" \/>\n<meta property=\"og:type\" content=\"article\" \/>\n<meta property=\"og:title\" content=\"Soluciones - DEPT\u00ae\" \/>\n<meta property=\"og:description\" content=\"DEPT\u00ae ofrece soluciones digitales integrales en tecnolog\u00eda y marketing. Descubre c\u00f3mo podemos ayudarte a resolver tus desaf\u00edos.\" \/>\n<meta property=\"og:url\" content=\"https:\/\/www.deptagency.com\/latam\/soluciones\/\" \/>\n<meta property=\"og:site_name\" content=\"DEPT\u00ae\" \/>\n<meta property=\"article:modified_time\" content=\"2025-10-31T18:27:36+00:00\" \/>\n<meta property=\"og:image\" content=\"https:\/\/www.deptagency.com\/wp-content\/uploads\/2024\/01\/dept-new-1024x683-1.jpg\" \/>\n\t<meta property=\"og:image:width\" content=\"1024\" \/>\n\t<meta property=\"og:image:height\" content=\"683\" \/>\n\t<meta property=\"og:image:type\" content=\"image\/jpeg\" \/>\n<meta name=\"twitter:card\" content=\"summary_large_image\" \/>\n<meta name=\"twitter:label1\" content=\"Est. reading time\" \/>\n\t<meta name=\"twitter:data1\" content=\"4 minutes\" \/>\n<script type=\"application\/ld+json\" class=\"yoast-schema-graph\">{\"@context\":\"https:\\\/\\\/schema.org\",\"@graph\":[{\"@type\":\"WebPage\",\"@id\":\"https:\\\/\\\/www.deptagency.com\\\/latam\\\/soluciones\\\/\",\"url\":\"https:\\\/\\\/www.deptagency.com\\\/latam\\\/soluciones\\\/\",\"name\":\"Soluciones - DEPT\u00ae\",\"isPartOf\":{\"@id\":\"https:\\\/\\\/www.deptagency.com\\\/en-uki\\\/#website\"},\"primaryImageOfPage\":{\"@id\":\"https:\\\/\\\/www.deptagency.com\\\/latam\\\/soluciones\\\/#primaryimage\"},\"image\":{\"@id\":\"https:\\\/\\\/www.deptagency.com\\\/latam\\\/soluciones\\\/#primaryimage\"},\"thumbnailUrl\":\"https:\\\/\\\/www.deptagency.com\\\/wp-content\\\/uploads\\\/2024\\\/01\\\/dept-new-1024x683-1.jpg\",\"datePublished\":\"2024-09-10T12:08:52+00:00\",\"dateModified\":\"2025-10-31T18:27:36+00:00\",\"description\":\"DEPT\u00ae ofrece soluciones digitales integrales en tecnolog\u00eda y marketing. Descubre c\u00f3mo podemos ayudarte a resolver tus desaf\u00edos.\",\"breadcrumb\":{\"@id\":\"https:\\\/\\\/www.deptagency.com\\\/latam\\\/soluciones\\\/#breadcrumb\"},\"inLanguage\":\"es-LATAM\",\"potentialAction\":[{\"@type\":\"ReadAction\",\"target\":[\"https:\\\/\\\/www.deptagency.com\\\/latam\\\/soluciones\\\/\"]}]},{\"@type\":\"ImageObject\",\"inLanguage\":\"es-LATAM\",\"@id\":\"https:\\\/\\\/www.deptagency.com\\\/latam\\\/soluciones\\\/#primaryimage\",\"url\":\"https:\\\/\\\/www.deptagency.com\\\/wp-content\\\/uploads\\\/2024\\\/01\\\/dept-new-1024x683-1.jpg\",\"contentUrl\":\"https:\\\/\\\/www.deptagency.com\\\/wp-content\\\/uploads\\\/2024\\\/01\\\/dept-new-1024x683-1.jpg\",\"width\":1024,\"height\":683},{\"@type\":\"BreadcrumbList\",\"@id\":\"https:\\\/\\\/www.deptagency.com\\\/latam\\\/soluciones\\\/#breadcrumb\",\"itemListElement\":[{\"@type\":\"ListItem\",\"position\":1,\"name\":\"Home\",\"item\":\"https:\\\/\\\/www.deptagency.com\\\/latam\\\/\"},{\"@type\":\"ListItem\",\"position\":2,\"name\":\"Soluciones\"}]},{\"@type\":\"WebSite\",\"@id\":\"https:\\\/\\\/www.deptagency.com\\\/en-uki\\\/#website\",\"url\":\"https:\\\/\\\/www.deptagency.com\\\/en-uki\\\/\",\"name\":\"DEPT\u00ae\",\"description\":\"\",\"potentialAction\":[{\"@type\":\"SearchAction\",\"target\":{\"@type\":\"EntryPoint\",\"urlTemplate\":\"https:\\\/\\\/www.deptagency.com\\\/en-uki\\\/?s={search_term_string}\"},\"query-input\":{\"@type\":\"PropertyValueSpecification\",\"valueRequired\":true,\"valueName\":\"search_term_string\"}}],\"inLanguage\":\"es-LATAM\"}]}<\/script>\n<!-- \/ Yoast SEO plugin. -->","yoast_head_json":{"title":"Soluciones - DEPT\u00ae","description":"DEPT\u00ae ofrece soluciones digitales integrales en tecnolog\u00eda y marketing. Descubre c\u00f3mo podemos ayudarte a resolver tus desaf\u00edos.","robots":{"index":"index","follow":"follow","max-snippet":"max-snippet:-1","max-image-preview":"max-image-preview:large","max-video-preview":"max-video-preview:-1"},"canonical":"https:\/\/www.deptagency.com\/latam\/soluciones\/","og_locale":"es_ES","og_type":"article","og_title":"Soluciones - DEPT\u00ae","og_description":"DEPT\u00ae ofrece soluciones digitales integrales en tecnolog\u00eda y marketing. Descubre c\u00f3mo podemos ayudarte a resolver tus desaf\u00edos.","og_url":"https:\/\/www.deptagency.com\/latam\/soluciones\/","og_site_name":"DEPT\u00ae","article_modified_time":"2025-10-31T18:27:36+00:00","og_image":[{"width":1024,"height":683,"url":"https:\/\/www.deptagency.com\/wp-content\/uploads\/2024\/01\/dept-new-1024x683-1.jpg","type":"image\/jpeg"}],"twitter_card":"summary_large_image","twitter_misc":{"Est. reading time":"4 minutes"},"schema":{"@context":"https:\/\/schema.org","@graph":[{"@type":"WebPage","@id":"https:\/\/www.deptagency.com\/latam\/soluciones\/","url":"https:\/\/www.deptagency.com\/latam\/soluciones\/","name":"Soluciones - DEPT\u00ae","isPartOf":{"@id":"https:\/\/www.deptagency.com\/en-uki\/#website"},"primaryImageOfPage":{"@id":"https:\/\/www.deptagency.com\/latam\/soluciones\/#primaryimage"},"image":{"@id":"https:\/\/www.deptagency.com\/latam\/soluciones\/#primaryimage"},"thumbnailUrl":"https:\/\/www.deptagency.com\/wp-content\/uploads\/2024\/01\/dept-new-1024x683-1.jpg","datePublished":"2024-09-10T12:08:52+00:00","dateModified":"2025-10-31T18:27:36+00:00","description":"DEPT\u00ae ofrece soluciones digitales integrales en tecnolog\u00eda y marketing. Descubre c\u00f3mo podemos ayudarte a resolver tus desaf\u00edos.","breadcrumb":{"@id":"https:\/\/www.deptagency.com\/latam\/soluciones\/#breadcrumb"},"inLanguage":"es-LATAM","potentialAction":[{"@type":"ReadAction","target":["https:\/\/www.deptagency.com\/latam\/soluciones\/"]}]},{"@type":"ImageObject","inLanguage":"es-LATAM","@id":"https:\/\/www.deptagency.com\/latam\/soluciones\/#primaryimage","url":"https:\/\/www.deptagency.com\/wp-content\/uploads\/2024\/01\/dept-new-1024x683-1.jpg","contentUrl":"https:\/\/www.deptagency.com\/wp-content\/uploads\/2024\/01\/dept-new-1024x683-1.jpg","width":1024,"height":683},{"@type":"BreadcrumbList","@id":"https:\/\/www.deptagency.com\/latam\/soluciones\/#breadcrumb","itemListElement":[{"@type":"ListItem","position":1,"name":"Home","item":"https:\/\/www.deptagency.com\/latam\/"},{"@type":"ListItem","position":2,"name":"Soluciones"}]},{"@type":"WebSite","@id":"https:\/\/www.deptagency.com\/en-uki\/#website","url":"https:\/\/www.deptagency.com\/en-uki\/","name":"DEPT\u00ae","description":"","potentialAction":[{"@type":"SearchAction","target":{"@type":"EntryPoint","urlTemplate":"https:\/\/www.deptagency.com\/en-uki\/?s={search_term_string}"},"query-input":{"@type":"PropertyValueSpecification","valueRequired":true,"valueName":"search_term_string"}}],"inLanguage":"es-LATAM"}]}},"_links":{"self":[{"href":"https:\/\/www.deptagency.com\/latam\/wp-json\/wp\/v2\/pages\/4270336","targetHints":{"allow":["GET"]}}],"collection":[{"href":"https:\/\/www.deptagency.com\/latam\/wp-json\/wp\/v2\/pages"}],"about":[{"href":"https:\/\/www.deptagency.com\/latam\/wp-json\/wp\/v2\/types\/page"}],"author":[{"embeddable":true,"href":"https:\/\/www.deptagency.com\/latam\/wp-json\/wp\/v2\/users\/40"}],"replies":[{"embeddable":true,"href":"https:\/\/www.deptagency.com\/latam\/wp-json\/wp\/v2\/comments?post=4270336"}],"version-history":[{"count":3,"href":"https:\/\/www.deptagency.com\/latam\/wp-json\/wp\/v2\/pages\/4270336\/revisions"}],"predecessor-version":[{"id":4365712,"href":"https:\/\/www.deptagency.com\/latam\/wp-json\/wp\/v2\/pages\/4270336\/revisions\/4365712"}],"wp:featuredmedia":[{"embeddable":true,"href":"https:\/\/www.deptagency.com\/latam\/wp-json\/wp\/v2\/media\/4270337"}],"wp:attachment":[{"href":"https:\/\/www.deptagency.com\/latam\/wp-json\/wp\/v2\/media?parent=4270336"}],"curies":[{"name":"wp","href":"https:\/\/api.w.org\/{rel}","templated":true}]}}