{"id":4329549,"date":"2025-10-16T15:44:37","date_gmt":"2025-10-16T13:44:37","guid":{"rendered":"https:\/\/www.deptagency.com\/growth-invention-framework\/"},"modified":"2025-10-27T19:33:19","modified_gmt":"2025-10-27T17:33:19","slug":"growth-invention-framework","status":"publish","type":"page","link":"https:\/\/www.deptagency.com\/de-dach\/growth-invention-framework\/","title":{"rendered":"Growth Invention Framework"},"content":{"rendered":"<div class=\"block-awards-intro\">\n\t<p\tclass=\"text text-sans-128 block-awards-intro__title\"\n\tdata-animation=\"slide\" data-animation-target=\"words\" >Growth invention framework<\/p><p\tclass=\"text text-sans-48 block-awards-intro__subtitle\"\n\tdata-animation=\"slide\" data-animation-target=\"words\" >Das Fundament f\u00fcr Wachstum, das dem Markt voraus ist<\/p><\/div>\n\n<div\n\tclass=\"block-assets-and-copy js-block-assets-and-copy\"\n\tdata-variant=\"full-width-content\"\n\tdata-content-align=\"center\"\n>\n\t\n\t\t\t\t\t<img\n\t\t\t\t\tsrc=\"https:\/\/www.deptagency.com\/wp-content\/uploads\/2025\/10\/Growth-Invention-Framework.webp\"\n\t\t\t\t\talt=\"Growth Invention Framework concept\"\n\t\t\t\t\tclass=\"block-assets-and-copy__media js-block-assets-and-copy-media\"\n\t\t\t\t\tdata-animation=\"scale-fade\"\n\t\t\t\t>\n\t\t\t\n\t<\/div>\n\n<div class=\"block-case-intro js-block-case-intro\">\n\t\n\t<p\tclass=\"text text-sans-48 block-case-intro__title js-block-case-intro-title\"\n\tdata-animation=\"slide\" data-animation-target=\"words\" data-animation-stagger=\"0.005\" >Die erfolgreichsten Unternehmen haben zwei Dinge gemeinsam: Ein starkes, zeitloses Fundament und die Bereitschaft, sich einer st\u00e4ndig ver\u00e4ndernden Welt neu anzupassen. Diese Kombination aus Best\u00e4ndigkeit und Agilit\u00e4t treibt \u00fcberproportionales Wachstum an.<\/p><p\tclass=\"text text-sans-24 block-case-intro__text js-block-case-intro-text\"\n\tdata-animation=\"slideFade\" data-animation-target=\"paragraphs\" data-animation-delay=\"0.1\" >\u00dcberproportionales Wachstum l\u00e4sst die Vergangenheit hinter sich, \u00fcbertrifft den Markt \u2013 und ist f\u00fcr Wettbewerber nicht kopierbar. Dennoch verfolgen viele Marken immer noch Wachstumsstrategien, die zu starr, zu reaktiv, zu isoliert oder schlicht zu austauschbar sind.<br><br>Wir glauben: \u00dcberproportionales Wachstum entsteht heute nur durch Balance: ein stabiles Fundament, das <strong>best\u00e4ndig <\/strong>ist, und <strong>dynamische <\/strong>Ausdrucksformen, die Wandel erm\u00f6glichen. Nur so k\u00f6nnen Marken mutige Schritte gehen, neue Chancen nutzen und sich klar von der Masse abheben.<br><br>Genau daf\u00fcr haben wir das Growth Invention Framework entwickelt. Es vereint unsere Erfahrung als Marketing- und Technologiepartner f\u00fchrender globaler Marken mit den neuesten M\u00f6glichkeiten aus KI, datengetriebenen Insights und modernsten Tools. Das Ziel ist einfach: Marken dabei zu helfen, fundierte Entscheidungen zu treffen, Chancen zu erkennen, bevor andere sie sehen, und ein Wachstumsfundament zu schaffen, das nicht nur best\u00e4ndig, sondern auch zukunftsorientiert ist.<\/p><\/div>\n\n<div\n\tclass=\"block-assets-and-copy js-block-assets-and-copy has-less-t-space has-less-b-space\"\n\tdata-variant=\"copy-only\"\n\tdata-content-align=\"start\"\n>\n\t<p\tclass=\"text text-sans-48 block-assets-and-copy__title\"\n\tdata-animation=\"slide\" data-animation-target=\"words\" >Wir helfen Marken, Kund:innen zu gewinnen, zu begeistern und zu halten<\/p><div\tdata-animation=\"slide-fade\" data-animation-target=\"inner-items-separate\" data-animation-delay=\"0.15\" data-animation-stagger=\"0.2\" class=\"block-assets-and-copy__content\" >\n\t<p\tclass=\"text text-sans-24 block-assets-and-copy__text\"\n\t>Das Growth Invention Framework unterst\u00fctzt Marketingverantwortliche und F\u00fchrungskr\u00e4fte dabei, Kund:innen zu gewinnen, weiterzuentwickeln und langfristig zu binden \u2013 indem es aufzeigt, wo Wachstumsblocker und wo die gr\u00f6\u00dften Chancen liegen. Durch die Kombination aus Erfahrung in den Bereichen Business, Produkt und Marketing mit Technologie und KI-gest\u00fctzten Insights, entsteht ein kontinuierlicher Kreislauf \u2013 mit Ihren Kund:innen im Zentrum.<br><br>Das Growth Invention Framework hilft Ihrem Unternehmen dabei, unter anderem folgende Fragen zu beantworten:<br><\/p>\n<ul\n\tclass=\"list text-sans-24 block-list__list\"\n\t>\n\t<li>Worauf sollten wir als N\u00e4chstes unseren Fokus legen, um schneller zu wachsen?<\/li><li>Wo liegen unsere St\u00e4rken und wo verlieren wir an Einfluss?<\/li><li>Wer sind unsere n\u00e4chsten Kund:innen, und was ist ihnen wirklich wichtig?<\/li><li>Welche Ideen haben das gr\u00f6\u00dfte Potenzial, unser Wachstum voranzutreiben?<\/li><li>Wie schnell k\u00f6nnen wir Ideen testen und messbare Ergebnisse sehen?<\/li><li>Lernen wir auf die richtige Weise von unseren Kund:innen?<\/li><li>Welche neue Idee hat das Potenzial, im gro\u00dfen Ma\u00dfstab echten Impact zu schaffen?<\/li><li>Wie k\u00f6nnen wir das, was funktioniert, weiter skalieren?<\/li><\/ul>\n<\/div>\n\t\n\t<\/div>\n\n<div class=\"text-divider text-sans-20 block-text-divider__text-divider\">\n\t<\/div>\n\n<div\n\tclass=\"block-assets-and-copy js-block-assets-and-copy\"\n\tdata-variant=\"copy-only\"\n\tdata-content-align=\"start\"\n>\n\t<p\tclass=\"text text-sans-48 block-assets-and-copy__title\"\n\tdata-animation=\"slide\" data-animation-target=\"words\" >Neugierig, wie das Growth Invention Framework das Wachstum Ihrer Marke auf das n\u00e4chste Level bringen kann? Sprechen Sie mit unseren Strateg:innen \u2013 wir zeigen Ihnen, wie unproportionales Wachstum entsteht.<\/p>\n\t\n\t<\/div>\n\n<div class=\"block-contact-form-big\">\n\t<p\tclass=\"text text-sans-92 block-contact-form-big__title\"\n\t>LET&#8217;S CONNECT<\/p><div id=\"pardot-form\" class=\"pardot-form block-contact-form-big__form\">\n\t<iframe\n\t\tid=\"pardot-form-69d37ea17dcfb\"\n\t\tsrc=\"https:\/\/www2.deptagency.com\/l\/321011\/2024-07-19\/2f54k2j\"\n\t\tclass=\"pardot-form__iframe js-pardot-form\"\n\t\ttitle=\"Form\"\n\t\ttype=\"text\/html\"\n\t\t><\/iframe>\n<\/div><\/div>","protected":false},"excerpt":{"rendered":"","protected":false},"author":40,"featured_media":4329448,"parent":0,"menu_order":0,"comment_status":"closed","ping_status":"closed","template":"","meta":{"_acf_changed":false,"es_utils_meta_schema":"","dept_alt_featured_image":[],"dept_algolia_noindex":false,"dept_algolia_featured":false,"member_job_title":"","member_linkedin_url":"","footnotes":""},"class_list":["post-4329549","page","type-page","status-publish","has-post-thumbnail","hentry"],"acf":{"dept_is_3q_page":false},"yoast_head":"<!-- This site is optimized with the Yoast SEO plugin v26.3 - https:\/\/yoast.com\/wordpress\/plugins\/seo\/ -->\n<title>Growth Invention Framework | DEPT\u00ae<\/title>\n<meta name=\"description\" content=\"Das Growth Invention Framework hilft Unternehmen, fundierte Entscheidungen zu treffen, Chancen zu nutzen sowie ein best\u00e4ndiges und dynamisches Wachstumsfundament zu schaffen.\" \/>\n<meta name=\"robots\" content=\"index, follow, max-snippet:-1, max-image-preview:large, max-video-preview:-1\" \/>\n<link rel=\"canonical\" href=\"https:\/\/www.deptagency.com\/de-dach\/growth-invention-framework\/\" \/>\n<meta property=\"og:locale\" content=\"de_DE\" \/>\n<meta property=\"og:type\" content=\"article\" \/>\n<meta property=\"og:title\" content=\"Growth Invention Framework | DEPT\u00ae\" \/>\n<meta property=\"og:description\" content=\"Das Growth Invention Framework hilft Unternehmen, fundierte Entscheidungen zu treffen, Chancen zu nutzen sowie ein best\u00e4ndiges und dynamisches Wachstumsfundament zu schaffen.\" \/>\n<meta property=\"og:url\" content=\"https:\/\/www.deptagency.com\/de-dach\/growth-invention-framework\/\" \/>\n<meta property=\"og:site_name\" content=\"DEPT\u00ae\" \/>\n<meta property=\"article:modified_time\" content=\"2025-10-27T17:33:19+00:00\" \/>\n<meta property=\"og:image\" content=\"https:\/\/www.deptagency.com\/wp-content\/uploads\/2025\/10\/Growth-Invention-Framework.webp\" \/>\n\t<meta property=\"og:image:width\" content=\"1920\" \/>\n\t<meta property=\"og:image:height\" content=\"1080\" \/>\n\t<meta property=\"og:image:type\" content=\"image\/webp\" \/>\n<meta name=\"twitter:card\" content=\"summary_large_image\" \/>\n<meta name=\"twitter:label1\" content=\"Est. reading time\" \/>\n\t<meta name=\"twitter:data1\" content=\"3 minutes\" \/>\n<script type=\"application\/ld+json\" class=\"yoast-schema-graph\">{\"@context\":\"https:\/\/schema.org\",\"@graph\":[{\"@type\":\"WebPage\",\"@id\":\"https:\/\/www.deptagency.com\/de-dach\/growth-invention-framework\/\",\"url\":\"https:\/\/www.deptagency.com\/de-dach\/growth-invention-framework\/\",\"name\":\"Growth Invention Framework | DEPT\u00ae\",\"isPartOf\":{\"@id\":\"https:\/\/www.deptagency.com\/en-uki\/#website\"},\"primaryImageOfPage\":{\"@id\":\"https:\/\/www.deptagency.com\/de-dach\/growth-invention-framework\/#primaryimage\"},\"image\":{\"@id\":\"https:\/\/www.deptagency.com\/de-dach\/growth-invention-framework\/#primaryimage\"},\"thumbnailUrl\":\"https:\/\/www.deptagency.com\/wp-content\/uploads\/2025\/10\/Growth-Invention-Framework.webp\",\"datePublished\":\"2025-10-16T13:44:37+00:00\",\"dateModified\":\"2025-10-27T17:33:19+00:00\",\"description\":\"Das Growth Invention Framework hilft Unternehmen, fundierte Entscheidungen zu treffen, Chancen zu nutzen sowie ein best\u00e4ndiges und dynamisches Wachstumsfundament zu schaffen.\",\"breadcrumb\":{\"@id\":\"https:\/\/www.deptagency.com\/de-dach\/growth-invention-framework\/#breadcrumb\"},\"inLanguage\":\"de-DACH\",\"potentialAction\":[{\"@type\":\"ReadAction\",\"target\":[\"https:\/\/www.deptagency.com\/de-dach\/growth-invention-framework\/\"]}]},{\"@type\":\"ImageObject\",\"inLanguage\":\"de-DACH\",\"@id\":\"https:\/\/www.deptagency.com\/de-dach\/growth-invention-framework\/#primaryimage\",\"url\":\"https:\/\/www.deptagency.com\/wp-content\/uploads\/2025\/10\/Growth-Invention-Framework.webp\",\"contentUrl\":\"https:\/\/www.deptagency.com\/wp-content\/uploads\/2025\/10\/Growth-Invention-Framework.webp\",\"width\":1920,\"height\":1080,\"caption\":\"Growth Invention Framework concept\"},{\"@type\":\"BreadcrumbList\",\"@id\":\"https:\/\/www.deptagency.com\/de-dach\/growth-invention-framework\/#breadcrumb\",\"itemListElement\":[{\"@type\":\"ListItem\",\"position\":1,\"name\":\"Home\",\"item\":\"https:\/\/www.deptagency.com\/de-dach\/\"},{\"@type\":\"ListItem\",\"position\":2,\"name\":\"Growth Invention Framework\"}]},{\"@type\":\"WebSite\",\"@id\":\"https:\/\/www.deptagency.com\/en-uki\/#website\",\"url\":\"https:\/\/www.deptagency.com\/en-uki\/\",\"name\":\"DEPT\u00ae\",\"description\":\"\",\"potentialAction\":[{\"@type\":\"SearchAction\",\"target\":{\"@type\":\"EntryPoint\",\"urlTemplate\":\"https:\/\/www.deptagency.com\/en-uki\/?s={search_term_string}\"},\"query-input\":{\"@type\":\"PropertyValueSpecification\",\"valueRequired\":true,\"valueName\":\"search_term_string\"}}],\"inLanguage\":\"de-DACH\"}]}<\/script>\n<!-- \/ Yoast SEO plugin. -->","yoast_head_json":{"title":"Growth Invention Framework | DEPT\u00ae","description":"Das Growth Invention Framework hilft Unternehmen, fundierte Entscheidungen zu treffen, Chancen zu nutzen sowie ein best\u00e4ndiges und dynamisches Wachstumsfundament zu schaffen.","robots":{"index":"index","follow":"follow","max-snippet":"max-snippet:-1","max-image-preview":"max-image-preview:large","max-video-preview":"max-video-preview:-1"},"canonical":"https:\/\/www.deptagency.com\/de-dach\/growth-invention-framework\/","og_locale":"de_DE","og_type":"article","og_title":"Growth Invention Framework | DEPT\u00ae","og_description":"Das Growth Invention Framework hilft Unternehmen, fundierte Entscheidungen zu treffen, Chancen zu nutzen sowie ein best\u00e4ndiges und dynamisches Wachstumsfundament zu schaffen.","og_url":"https:\/\/www.deptagency.com\/de-dach\/growth-invention-framework\/","og_site_name":"DEPT\u00ae","article_modified_time":"2025-10-27T17:33:19+00:00","og_image":[{"width":1920,"height":1080,"url":"https:\/\/www.deptagency.com\/wp-content\/uploads\/2025\/10\/Growth-Invention-Framework.webp","type":"image\/webp"}],"twitter_card":"summary_large_image","twitter_misc":{"Est. reading time":"3 minutes"},"schema":{"@context":"https:\/\/schema.org","@graph":[{"@type":"WebPage","@id":"https:\/\/www.deptagency.com\/de-dach\/growth-invention-framework\/","url":"https:\/\/www.deptagency.com\/de-dach\/growth-invention-framework\/","name":"Growth Invention Framework | DEPT\u00ae","isPartOf":{"@id":"https:\/\/www.deptagency.com\/en-uki\/#website"},"primaryImageOfPage":{"@id":"https:\/\/www.deptagency.com\/de-dach\/growth-invention-framework\/#primaryimage"},"image":{"@id":"https:\/\/www.deptagency.com\/de-dach\/growth-invention-framework\/#primaryimage"},"thumbnailUrl":"https:\/\/www.deptagency.com\/wp-content\/uploads\/2025\/10\/Growth-Invention-Framework.webp","datePublished":"2025-10-16T13:44:37+00:00","dateModified":"2025-10-27T17:33:19+00:00","description":"Das Growth Invention Framework hilft Unternehmen, fundierte Entscheidungen zu treffen, Chancen zu nutzen sowie ein best\u00e4ndiges und dynamisches Wachstumsfundament zu schaffen.","breadcrumb":{"@id":"https:\/\/www.deptagency.com\/de-dach\/growth-invention-framework\/#breadcrumb"},"inLanguage":"de-DACH","potentialAction":[{"@type":"ReadAction","target":["https:\/\/www.deptagency.com\/de-dach\/growth-invention-framework\/"]}]},{"@type":"ImageObject","inLanguage":"de-DACH","@id":"https:\/\/www.deptagency.com\/de-dach\/growth-invention-framework\/#primaryimage","url":"https:\/\/www.deptagency.com\/wp-content\/uploads\/2025\/10\/Growth-Invention-Framework.webp","contentUrl":"https:\/\/www.deptagency.com\/wp-content\/uploads\/2025\/10\/Growth-Invention-Framework.webp","width":1920,"height":1080,"caption":"Growth Invention Framework concept"},{"@type":"BreadcrumbList","@id":"https:\/\/www.deptagency.com\/de-dach\/growth-invention-framework\/#breadcrumb","itemListElement":[{"@type":"ListItem","position":1,"name":"Home","item":"https:\/\/www.deptagency.com\/de-dach\/"},{"@type":"ListItem","position":2,"name":"Growth Invention Framework"}]},{"@type":"WebSite","@id":"https:\/\/www.deptagency.com\/en-uki\/#website","url":"https:\/\/www.deptagency.com\/en-uki\/","name":"DEPT\u00ae","description":"","potentialAction":[{"@type":"SearchAction","target":{"@type":"EntryPoint","urlTemplate":"https:\/\/www.deptagency.com\/en-uki\/?s={search_term_string}"},"query-input":{"@type":"PropertyValueSpecification","valueRequired":true,"valueName":"search_term_string"}}],"inLanguage":"de-DACH"}]}},"_links":{"self":[{"href":"https:\/\/www.deptagency.com\/de-dach\/wp-json\/wp\/v2\/pages\/4329549","targetHints":{"allow":["GET"]}}],"collection":[{"href":"https:\/\/www.deptagency.com\/de-dach\/wp-json\/wp\/v2\/pages"}],"about":[{"href":"https:\/\/www.deptagency.com\/de-dach\/wp-json\/wp\/v2\/types\/page"}],"author":[{"embeddable":true,"href":"https:\/\/www.deptagency.com\/de-dach\/wp-json\/wp\/v2\/users\/40"}],"replies":[{"embeddable":true,"href":"https:\/\/www.deptagency.com\/de-dach\/wp-json\/wp\/v2\/comments?post=4329549"}],"version-history":[{"count":4,"href":"https:\/\/www.deptagency.com\/de-dach\/wp-json\/wp\/v2\/pages\/4329549\/revisions"}],"predecessor-version":[{"id":4330550,"href":"https:\/\/www.deptagency.com\/de-dach\/wp-json\/wp\/v2\/pages\/4329549\/revisions\/4330550"}],"wp:featuredmedia":[{"embeddable":true,"href":"https:\/\/www.deptagency.com\/de-dach\/wp-json\/wp\/v2\/media\/4329448"}],"wp:attachment":[{"href":"https:\/\/www.deptagency.com\/de-dach\/wp-json\/wp\/v2\/media?parent=4329549"}],"curies":[{"name":"wp","href":"https:\/\/api.w.org\/{rel}","templated":true}]}}