{"id":4253689,"date":"2021-08-20T14:09:25","date_gmt":"2021-08-20T14:09:25","guid":{"rendered":"https:\/\/www.deptagency.com\/impressum\/"},"modified":"2025-08-28T14:07:08","modified_gmt":"2025-08-28T12:07:08","slug":"impressum","status":"publish","type":"page","link":"https:\/\/www.deptagency.com\/de-dach\/impressum\/","title":{"rendered":"Impressum"},"content":{"rendered":"<div class=\"block-panel-with-rich-text\">\n\t<div class=\"block-panel-with-rich-text__left block-panel-with-rich-text__left--richBlack\">\n\t\t<h2 class=\"heading heading__size--xl heading__align--left block-panel-with-rich-text__heading\">\n\t\t\tImpressum\t<\/h2>\t<\/div>\n\n\t<div class=\"block-panel-with-rich-text__right block-panel-with-rich-text__right--white\">\n\t\t<div class=\"block-panel-with-rich-text__right-content block-panel-with-rich-text__right-content--white\">\n\t\t\t\n<div class='block-panel-with-rich-text__item'><div class='block-panel-with-rich-text__item-inner'><h1 class=\"heading heading__size--s heading__align--left block-heading__heading\">\n\t\t\tVerantwortlicher Betreiber der Website:\t<\/h1><\/div><\/div>\n\n<div class='block-panel-with-rich-text__item'><div class='block-panel-with-rich-text__item-inner'><p class=\"paragraph paragraph__size--default paragraph__align--left block-paragraph__paragraph\">Dept Holding B.V.<br>Generaal Vetterstraat 66<br>NL \u2013 1059, BW Amsterdam<br>The Netherlands<br><br>+31 88 040 0888<br><a href=\"mailto:hello@deptagency.com\">hello@deptagency.com<\/a><br><br>USt-IdNr. (VAT number): NL855247502B01<br>Handelsregisternummer: 63464101<br><br>Gesch\u00e4ftsf\u00fchrer:<br>Dimi Albers \u2013 CEO<br>Andrew Dimitriou &#8211; CGO<br>Sarah Steele &#8211; CPO<br>David Neal \u2013 CFO<br>Frank Schmid \u2013 CDO<br>Joanna Trippett &#8211; CEO, EMEA<br>Carryn Quibell &#8211; CEO, Americas<br><br>In Deutschland ist DEPT\u00ae durch folgende Unternehmen vertreten:<br><br>Dept Design &amp; Technology GmbH<br>HRB 74092<br>Schmid, Frank<br>L\u00fcnenb\u00fcrger-Reidenbach, Wolfgang<br><br>Dept Marketing GmbH<br>HRB 139434<br>Schmid, Frank<br>L\u00fcnenb\u00fcrger-Reidenbach, Wolfgang<br><br>Dept Germany Marketing Holding GmbH<br>HRB 182318 B<br>Schmid, Frank<br>L\u00fcnenb\u00fcrger-Reidenbach, Wolfgang<br><br>DEPT\u00ae Personalised Content GmbH<br>HRB 161530 B<br>Schmid, Frank<br>L\u00fcnenb\u00fcrger-Reidenbach, Wolfgang<br><br>In der Schweiz ist DEPT\u00ae durch folgende Unternehmen vertreten:<br>Dept Design &amp; Technology AG<br>CHE &#8211;\u00a0113.395.151<br>Schmid, Frank<br>Griesser, Philipp<br>Tan, Stefan<br><br>Dept Digital Marketing AG<br>CHE &#8211; 110.228.225<br>Schmid, Frank<br>Scholz, Tobias<br>Griesser, Philipp<\/p><\/div><\/div>\n\t\t<\/div>\n\n\t\t<\/div>\n<\/div>\n\n<div\n\tclass=\"flyout-drawer js-flyout-drawer flyout-drawer__position--right\"\n\tdata-trigger=\"#block-panel-with-rich-text-d7ff5d04fd40b2cd60961293063641ff\"\n\tdata-instant-open=\"false\"\n>\n\t<div class=\"flyout-drawer__left-mobile-backplate\"><\/div>\n\t<div class=\"flyout-drawer__left-backplate\"><\/div>\n\n\t\t<div class=\"flyout-drawer__left\"><\/div>\n\n\t<button\tclass=\"cta-button flyout-drawer__close cta-button__color--white cta-button__style--text-and-icon js-drawer-close has-flipped-icon\" aria-label=\"Schlie\u00dfen\" >\n\t<svg width='21' height='21' viewBox='0 0 21 21' fill='none' xmlns='http:\/\/www.w3.org\/2000\/svg'><circle cx='10.5' cy='10.5' r='9.5' transform='rotate(-90 10.5 10.5)' stroke='var(--dept-button-icon-outline-color)' stroke-width='1.3' stroke-miterlimit='10' fill='none'\/><circle class='icon-backplate' cx='10.5' cy='10.5' r='9.5' transform='rotate(-90 10.5 10.5)' fill='var(--dept-button-icon-backplate-color)' fill-opacity='1'\/><path class='icon-center' d='m14 7-7 7m0-7 7 7' stroke='var(--dept-button-icon-color)' stroke-width='1.5' fill='none'\/><\/svg>\n\t\t\t<span>\n\t\t\tSchlie\u00dfen\t\t<\/span>\n\t\n<\/button>\n\t<div class=\"flyout-drawer__right\">\n\t\t<div class=\"pardot-forms block-panel-with-rich-text__pardot-forms js-pardot-forms has-picker\">\n\t\t\t<form action=\"\" class=\"pardot-forms__picker block-panel-with-rich-text__picker js-pardot-forms-picker\" method=\"POST\">\n\t\t\t\t\t<\/form>\n\t\t<iframe\n\t\tdata-initial-src=\"\"\n\t\tclass=\"pardot-forms__embed block-panel-with-rich-text__embed js-pardot-forms-embed\"\n\t\ttype=\"text\/html\"\n\t><\/iframe>\n\t<div class=\"loader pardot-forms__loader loader__color--hanPurple js-pardot-forms-loader\">\n\t<div class=\"loader__first\"><\/div>\n\t<div class=\"loader__second\"><\/div>\n<\/div><\/div>\t<\/div>\n\n\t<button\tclass=\"cta-button flyout-drawer__back cta-button__color--onyxGrey cta-button__style--text-and-icon js-drawer-back has-small-icon\" aria-label=\"Zur\u00fcck\" >\n\t<svg width='41' height='41' viewBox='0 0 41 41' fill='none' xmlns='http:\/\/www.w3.org\/2000\/svg'><circle cx='20.5' cy='20.5' r='19.5' transform='rotate(-90 20.5 20.5)' stroke='var(--dept-button-icon-outline-color)' stroke-width='1.3' stroke-miterlimit='10' fill='none'\/><circle class='icon-backplate' cx='20.5' cy='20.5' r='19.5' transform='rotate(-90 20.5 20.5)' fill='var(--dept-button-icon-backplate-color)' fill-opacity='1'\/><path class='icon-center' d='M21.174 30 11 20.674l10.174-9.326m-9.326 9.328H30.5' stroke='var(--dept-button-icon-color)' stroke-width='1.3' stroke-miterlimit='10' fill='none'\/><\/svg>\n\t\t\t<span>\n\t\t\tZur\u00fcck\t\t<\/span>\n\t\n<\/button><\/div>\n\n<div class=\"block-panel-with-rich-text\">\n\t<div class=\"block-panel-with-rich-text__left block-panel-with-rich-text__left--white\">\n\t\t\t<\/div>\n\n\t<div class=\"block-panel-with-rich-text__right block-panel-with-rich-text__right\">\n\t\t<div class=\"block-panel-with-rich-text__right-content block-panel-with-rich-text__right-content\">\n\t\t\t\n<div class='block-panel-with-rich-text__item'><div class='block-panel-with-rich-text__item-inner'><p class=\"paragraph paragraph__size--default paragraph__align--left block-paragraph__paragraph\">Nat\u00fcrlich ist DEPT\u00ae weit mehr als nur die oben genannten blo\u00dfen Fakten. Wussten Sie zum Beispiel, dass wir mit Standorten auf der ganzen Welt vertreten sind? Auf unserer\u00a0<a href=\"https:\/\/www.deptagency.com\/de-dach\/kontakt\/\" target=\"_blank\" rel=\"noreferrer noopener\">Kontaktseite<\/a>\u00a0finden Sie immer ein Dept Office in Ihrer N\u00e4he. Wenn Sie uns besser kennenlernen wollen, werfen Sie einen Blick auf unsere\u00a0<a href=\"https:\/\/www.deptagency.com\/de-dach\/loesungen\/\" target=\"_blank\" rel=\"noreferrer noopener\">Serviceseite<\/a>\u00a0und lesen Sie unsere\u00a0<a href=\"https:\/\/www.deptagency.com\/de-dach\/insights\/\" target=\"_blank\" rel=\"noreferrer noopener\">Insights<\/a>, um zu sehen, wie smart wir wirklich sind. Wir haben viel zu bieten \u2013 darauf k\u00f6nnen Sie sich verlassen.<br><br>Wenn Sie noch offene Fragen oder brillante Ideen haben, die es zu teilen gilt, wenden Sie sich bitte an unser Marketing-Team unter <a href=\"mailto:marketing@deptagency.com\">marketing@deptagency.com<\/a>.<\/p><\/div><\/div>\n\t\t<\/div>\n\n\t\t<\/div>\n<\/div>\n\n<div\n\tclass=\"flyout-drawer js-flyout-drawer flyout-drawer__position--right\"\n\tdata-trigger=\"#block-panel-with-rich-text-41dcb9d3324831ef467aed0c935f9305\"\n\tdata-instant-open=\"false\"\n>\n\t<div class=\"flyout-drawer__left-mobile-backplate\"><\/div>\n\t<div class=\"flyout-drawer__left-backplate\"><\/div>\n\n\t\t<div class=\"flyout-drawer__left\"><\/div>\n\n\t<button\tclass=\"cta-button flyout-drawer__close cta-button__color--white cta-button__style--text-and-icon js-drawer-close has-flipped-icon\" aria-label=\"Schlie\u00dfen\" >\n\t<svg width='21' height='21' viewBox='0 0 21 21' fill='none' xmlns='http:\/\/www.w3.org\/2000\/svg'><circle cx='10.5' cy='10.5' r='9.5' transform='rotate(-90 10.5 10.5)' stroke='var(--dept-button-icon-outline-color)' stroke-width='1.3' stroke-miterlimit='10' fill='none'\/><circle class='icon-backplate' cx='10.5' cy='10.5' r='9.5' transform='rotate(-90 10.5 10.5)' fill='var(--dept-button-icon-backplate-color)' fill-opacity='1'\/><path class='icon-center' d='m14 7-7 7m0-7 7 7' stroke='var(--dept-button-icon-color)' stroke-width='1.5' fill='none'\/><\/svg>\n\t\t\t<span>\n\t\t\tSchlie\u00dfen\t\t<\/span>\n\t\n<\/button>\n\t<div class=\"flyout-drawer__right\">\n\t\t<div class=\"pardot-forms block-panel-with-rich-text__pardot-forms js-pardot-forms has-picker\">\n\t\t\t<form action=\"\" class=\"pardot-forms__picker block-panel-with-rich-text__picker js-pardot-forms-picker\" method=\"POST\">\n\t\t\t\t\t<\/form>\n\t\t<iframe\n\t\tdata-initial-src=\"\"\n\t\tclass=\"pardot-forms__embed block-panel-with-rich-text__embed js-pardot-forms-embed\"\n\t\ttype=\"text\/html\"\n\t><\/iframe>\n\t<div class=\"loader pardot-forms__loader loader__color--hanPurple js-pardot-forms-loader\">\n\t<div class=\"loader__first\"><\/div>\n\t<div class=\"loader__second\"><\/div>\n<\/div><\/div>\t<\/div>\n\n\t<button\tclass=\"cta-button flyout-drawer__back cta-button__color--onyxGrey cta-button__style--text-and-icon js-drawer-back has-small-icon\" aria-label=\"Zur\u00fcck\" >\n\t<svg width='41' height='41' viewBox='0 0 41 41' fill='none' xmlns='http:\/\/www.w3.org\/2000\/svg'><circle cx='20.5' cy='20.5' r='19.5' transform='rotate(-90 20.5 20.5)' stroke='var(--dept-button-icon-outline-color)' stroke-width='1.3' stroke-miterlimit='10' fill='none'\/><circle class='icon-backplate' cx='20.5' cy='20.5' r='19.5' transform='rotate(-90 20.5 20.5)' fill='var(--dept-button-icon-backplate-color)' fill-opacity='1'\/><path class='icon-center' d='M21.174 30 11 20.674l10.174-9.326m-9.326 9.328H30.5' stroke='var(--dept-button-icon-color)' stroke-width='1.3' stroke-miterlimit='10' fill='none'\/><\/svg>\n\t\t\t<span>\n\t\t\tZur\u00fcck\t\t<\/span>\n\t\n<\/button><\/div>","protected":false},"excerpt":{"rendered":"","protected":false},"author":40,"featured_media":4253691,"parent":0,"menu_order":0,"comment_status":"closed","ping_status":"closed","template":"","meta":{"_acf_changed":false,"es_utils_meta_schema":"","member_job_title":"","member_linkedin_url":"","dept_alt_featured_image":[],"dept_algolia_noindex":false,"dept_algolia_featured":false,"footnotes":""},"class_list":["post-4253689","page","type-page","status-publish","has-post-thumbnail","hentry"],"acf":{"dept_is_3q_page":false},"yoast_head":"<!-- This site is optimized with the Yoast SEO plugin v26.3 - https:\/\/yoast.com\/wordpress\/plugins\/seo\/ -->\n<title>Impressum - DEPT\u00ae<\/title>\n<meta name=\"description\" content=\"Verantwortlicher Betreiber der Website: Dept Holding B.V. USt-IdNr. (VAT number): NL855247502B01. Handelsregisternummer: 63464101. Mehr lesen &gt;&gt;\" \/>\n<meta name=\"robots\" content=\"index, follow, max-snippet:-1, max-image-preview:large, max-video-preview:-1\" \/>\n<link rel=\"canonical\" href=\"https:\/\/www.deptagency.com\/de-dach\/impressum\/\" \/>\n<meta property=\"og:locale\" content=\"de_DE\" \/>\n<meta property=\"og:type\" content=\"article\" \/>\n<meta property=\"og:title\" content=\"Impressum - DEPT\u00ae\" \/>\n<meta property=\"og:description\" content=\"Verantwortlicher Betreiber der Website: Dept Holding B.V. USt-IdNr. (VAT number): NL855247502B01. Handelsregisternummer: 63464101. Mehr lesen &gt;&gt;\" \/>\n<meta property=\"og:url\" content=\"https:\/\/www.deptagency.com\/de-dach\/impressum\/\" \/>\n<meta property=\"og:site_name\" content=\"DEPT\u00ae\" \/>\n<meta property=\"article:modified_time\" content=\"2025-08-28T12:07:08+00:00\" \/>\n<meta property=\"og:image\" content=\"https:\/\/www.deptagency.com\/wp-content\/uploads\/2021\/03\/Dept_Berlin_Office-19-1200x750-c-1-1.jpg\" \/>\n\t<meta property=\"og:image:width\" content=\"1200\" \/>\n\t<meta property=\"og:image:height\" content=\"750\" \/>\n\t<meta property=\"og:image:type\" content=\"image\/jpeg\" \/>\n<meta name=\"twitter:card\" content=\"summary_large_image\" \/>\n<meta name=\"twitter:label1\" content=\"Est. reading time\" \/>\n\t<meta name=\"twitter:data1\" content=\"2 minutes\" \/>\n<script type=\"application\/ld+json\" class=\"yoast-schema-graph\">{\"@context\":\"https:\/\/schema.org\",\"@graph\":[{\"@type\":\"WebPage\",\"@id\":\"https:\/\/www.deptagency.com\/de-dach\/impressum\/\",\"url\":\"https:\/\/www.deptagency.com\/de-dach\/impressum\/\",\"name\":\"Impressum - DEPT\u00ae\",\"isPartOf\":{\"@id\":\"https:\/\/www.deptagency.com\/en-uki\/#website\"},\"primaryImageOfPage\":{\"@id\":\"https:\/\/www.deptagency.com\/de-dach\/impressum\/#primaryimage\"},\"image\":{\"@id\":\"https:\/\/www.deptagency.com\/de-dach\/impressum\/#primaryimage\"},\"thumbnailUrl\":\"https:\/\/www.deptagency.com\/wp-content\/uploads\/2021\/03\/Dept_Berlin_Office-19-1200x750-c-1-1.jpg\",\"datePublished\":\"2021-08-20T14:09:25+00:00\",\"dateModified\":\"2025-08-28T12:07:08+00:00\",\"description\":\"Verantwortlicher Betreiber der Website: Dept Holding B.V. USt-IdNr. (VAT number): NL855247502B01. Handelsregisternummer: 63464101. Mehr lesen >>\",\"breadcrumb\":{\"@id\":\"https:\/\/www.deptagency.com\/de-dach\/impressum\/#breadcrumb\"},\"inLanguage\":\"de-DACH\",\"potentialAction\":[{\"@type\":\"ReadAction\",\"target\":[\"https:\/\/www.deptagency.com\/de-dach\/impressum\/\"]}]},{\"@type\":\"ImageObject\",\"inLanguage\":\"de-DACH\",\"@id\":\"https:\/\/www.deptagency.com\/de-dach\/impressum\/#primaryimage\",\"url\":\"https:\/\/www.deptagency.com\/wp-content\/uploads\/2021\/03\/Dept_Berlin_Office-19-1200x750-c-1-1.jpg\",\"contentUrl\":\"https:\/\/www.deptagency.com\/wp-content\/uploads\/2021\/03\/Dept_Berlin_Office-19-1200x750-c-1-1.jpg\",\"width\":1200,\"height\":750,\"caption\":\"Processed with VSCO with a9 preset\"},{\"@type\":\"BreadcrumbList\",\"@id\":\"https:\/\/www.deptagency.com\/de-dach\/impressum\/#breadcrumb\",\"itemListElement\":[{\"@type\":\"ListItem\",\"position\":1,\"name\":\"Home\",\"item\":\"https:\/\/www.deptagency.com\/de-dach\/\"},{\"@type\":\"ListItem\",\"position\":2,\"name\":\"Impressum\"}]},{\"@type\":\"WebSite\",\"@id\":\"https:\/\/www.deptagency.com\/en-uki\/#website\",\"url\":\"https:\/\/www.deptagency.com\/en-uki\/\",\"name\":\"DEPT\u00ae\",\"description\":\"\",\"potentialAction\":[{\"@type\":\"SearchAction\",\"target\":{\"@type\":\"EntryPoint\",\"urlTemplate\":\"https:\/\/www.deptagency.com\/en-uki\/?s={search_term_string}\"},\"query-input\":{\"@type\":\"PropertyValueSpecification\",\"valueRequired\":true,\"valueName\":\"search_term_string\"}}],\"inLanguage\":\"de-DACH\"}]}<\/script>\n<!-- \/ Yoast SEO plugin. -->","yoast_head_json":{"title":"Impressum - DEPT\u00ae","description":"Verantwortlicher Betreiber der Website: Dept Holding B.V. USt-IdNr. (VAT number): NL855247502B01. Handelsregisternummer: 63464101. Mehr lesen >>","robots":{"index":"index","follow":"follow","max-snippet":"max-snippet:-1","max-image-preview":"max-image-preview:large","max-video-preview":"max-video-preview:-1"},"canonical":"https:\/\/www.deptagency.com\/de-dach\/impressum\/","og_locale":"de_DE","og_type":"article","og_title":"Impressum - DEPT\u00ae","og_description":"Verantwortlicher Betreiber der Website: Dept Holding B.V. USt-IdNr. (VAT number): NL855247502B01. Handelsregisternummer: 63464101. Mehr lesen >>","og_url":"https:\/\/www.deptagency.com\/de-dach\/impressum\/","og_site_name":"DEPT\u00ae","article_modified_time":"2025-08-28T12:07:08+00:00","og_image":[{"width":1200,"height":750,"url":"https:\/\/www.deptagency.com\/wp-content\/uploads\/2021\/03\/Dept_Berlin_Office-19-1200x750-c-1-1.jpg","type":"image\/jpeg"}],"twitter_card":"summary_large_image","twitter_misc":{"Est. reading time":"2 minutes"},"schema":{"@context":"https:\/\/schema.org","@graph":[{"@type":"WebPage","@id":"https:\/\/www.deptagency.com\/de-dach\/impressum\/","url":"https:\/\/www.deptagency.com\/de-dach\/impressum\/","name":"Impressum - DEPT\u00ae","isPartOf":{"@id":"https:\/\/www.deptagency.com\/en-uki\/#website"},"primaryImageOfPage":{"@id":"https:\/\/www.deptagency.com\/de-dach\/impressum\/#primaryimage"},"image":{"@id":"https:\/\/www.deptagency.com\/de-dach\/impressum\/#primaryimage"},"thumbnailUrl":"https:\/\/www.deptagency.com\/wp-content\/uploads\/2021\/03\/Dept_Berlin_Office-19-1200x750-c-1-1.jpg","datePublished":"2021-08-20T14:09:25+00:00","dateModified":"2025-08-28T12:07:08+00:00","description":"Verantwortlicher Betreiber der Website: Dept Holding B.V. USt-IdNr. (VAT number): NL855247502B01. Handelsregisternummer: 63464101. Mehr lesen >>","breadcrumb":{"@id":"https:\/\/www.deptagency.com\/de-dach\/impressum\/#breadcrumb"},"inLanguage":"de-DACH","potentialAction":[{"@type":"ReadAction","target":["https:\/\/www.deptagency.com\/de-dach\/impressum\/"]}]},{"@type":"ImageObject","inLanguage":"de-DACH","@id":"https:\/\/www.deptagency.com\/de-dach\/impressum\/#primaryimage","url":"https:\/\/www.deptagency.com\/wp-content\/uploads\/2021\/03\/Dept_Berlin_Office-19-1200x750-c-1-1.jpg","contentUrl":"https:\/\/www.deptagency.com\/wp-content\/uploads\/2021\/03\/Dept_Berlin_Office-19-1200x750-c-1-1.jpg","width":1200,"height":750,"caption":"Processed with VSCO with a9 preset"},{"@type":"BreadcrumbList","@id":"https:\/\/www.deptagency.com\/de-dach\/impressum\/#breadcrumb","itemListElement":[{"@type":"ListItem","position":1,"name":"Home","item":"https:\/\/www.deptagency.com\/de-dach\/"},{"@type":"ListItem","position":2,"name":"Impressum"}]},{"@type":"WebSite","@id":"https:\/\/www.deptagency.com\/en-uki\/#website","url":"https:\/\/www.deptagency.com\/en-uki\/","name":"DEPT\u00ae","description":"","potentialAction":[{"@type":"SearchAction","target":{"@type":"EntryPoint","urlTemplate":"https:\/\/www.deptagency.com\/en-uki\/?s={search_term_string}"},"query-input":{"@type":"PropertyValueSpecification","valueRequired":true,"valueName":"search_term_string"}}],"inLanguage":"de-DACH"}]}},"_links":{"self":[{"href":"https:\/\/www.deptagency.com\/de-dach\/wp-json\/wp\/v2\/pages\/4253689","targetHints":{"allow":["GET"]}}],"collection":[{"href":"https:\/\/www.deptagency.com\/de-dach\/wp-json\/wp\/v2\/pages"}],"about":[{"href":"https:\/\/www.deptagency.com\/de-dach\/wp-json\/wp\/v2\/types\/page"}],"author":[{"embeddable":true,"href":"https:\/\/www.deptagency.com\/de-dach\/wp-json\/wp\/v2\/users\/40"}],"replies":[{"embeddable":true,"href":"https:\/\/www.deptagency.com\/de-dach\/wp-json\/wp\/v2\/comments?post=4253689"}],"version-history":[{"count":7,"href":"https:\/\/www.deptagency.com\/de-dach\/wp-json\/wp\/v2\/pages\/4253689\/revisions"}],"predecessor-version":[{"id":4326177,"href":"https:\/\/www.deptagency.com\/de-dach\/wp-json\/wp\/v2\/pages\/4253689\/revisions\/4326177"}],"wp:featuredmedia":[{"embeddable":true,"href":"https:\/\/www.deptagency.com\/de-dach\/wp-json\/wp\/v2\/media\/4253691"}],"wp:attachment":[{"href":"https:\/\/www.deptagency.com\/de-dach\/wp-json\/wp\/v2\/media?parent=4253689"}],"curies":[{"name":"wp","href":"https:\/\/api.w.org\/{rel}","templated":true}]}}